{"id":144,"date":"2021-03-07T17:34:17","date_gmt":"2021-03-07T16:34:17","guid":{"rendered":"http:\/\/dev.kletterwald-tegernsee.de\/?page_id=144"},"modified":"2021-07-27T09:23:22","modified_gmt":"2021-07-27T07:23:22","slug":"gruppen","status":"publish","type":"page","link":"https:\/\/www.kletterwald-tegernsee.de\/?page_id=144","title":{"rendered":"Gruppen"},"content":{"rendered":"\n<div class=\"wp-block-themeisle-blocks-advanced-columns alignfull has-1-columns has-desktop-equal-layout has-tablet-equal-layout has-mobile-equal-layout has-default-gap has-vertical-center\" id=\"wp-block-themeisle-blocks-advanced-columns-e6e19e58\"><div class=\"wp-block-themeisle-blocks-advanced-columns-overlay\"><\/div><div class=\"innerblocks-wrap\">\n<div class=\"wp-block-themeisle-blocks-advanced-column\" id=\"wp-block-themeisle-blocks-advanced-column-3f49a478\">\n<h2 id=\"wp-block-themeisle-blocks-advanced-heading-b0d91c8f\" class=\"wp-block-themeisle-blocks-advanced-heading wp-block-themeisle-blocks-advanced-heading-b0d91c8f\">F\u00fcr unsere h\u00e4ufigsten Gruppen gibt es unten ein paar Infos. Aber nat\u00fcrlich sind auch Vereine, Jugendgruppen, runde Geburtstage und andere Gruppen stets herzlich willkommen.<br><br><\/h2>\n\n\n\n<div class=\"wp-block-columns is-layout-flex wp-container-core-columns-is-layout-1 wp-block-columns-is-layout-flex\">\n<div class=\"wp-block-column is-layout-flow wp-block-column-is-layout-flow\">\n<div class=\"wp-block-image is-style-rounded\"><figure class=\"aligncenter size-large\"><img data-recalc-dims=\"1\" loading=\"lazy\" decoding=\"async\" width=\"240\" height=\"160\" src=\"https:\/\/i0.wp.com\/dev.kletterwald-tegernsee.de\/wp-content\/uploads\/2021\/07\/gruppen-SK.jpg?resize=240%2C160&#038;ssl=1\" alt=\"\" class=\"wp-image-763\"\/><\/figure><\/div>\n\n\n\n<h4 id=\"wp-block-themeisle-blocks-advanced-heading-a848bbaf\" class=\"wp-block-themeisle-blocks-advanced-heading wp-block-themeisle-blocks-advanced-heading-a848bbaf\">Schulklassen<\/h4>\n\n\n\n<p class=\"has-small-font-size\">Schulklassen klettern bei uns 100% sicher dank des Bornack-SSB-Sicherungssystems. <br>Gerne \u00f6ffnen wir unseren Wald f\u00fcr Eure Klasse nach Absprache auch schon am Vormittag. 2 Betreuer klettern pro Klasse frei (ab 20 Teilnehmern). Alle, die nicht klettern m\u00f6chten, k\u00f6nnen sich auf dem Spielplatz oder an der Sommerrodelbahn austoben.<br>Erg\u00e4nzen l\u00e4sst sich das Programm auch durch Teamspiele und interaktive Aufgaben f\u00fcr die Sch\u00fcler. Weitere Informationen gibt es telefonisch oder per Mail bei uns.<br>F\u00fcr Termine meldet Euch rechtzeitig vorher telefonisch oder per Mail.<\/p>\n<\/div>\n\n\n\n<div class=\"wp-block-column is-layout-flow wp-block-column-is-layout-flow\">\n<div class=\"wp-block-image is-style-rounded\"><figure class=\"aligncenter size-large\"><img data-recalc-dims=\"1\" loading=\"lazy\" decoding=\"async\" width=\"240\" height=\"160\" src=\"https:\/\/i0.wp.com\/dev.kletterwald-tegernsee.de\/wp-content\/uploads\/2021\/07\/KG.jpg?resize=240%2C160&#038;ssl=1\" alt=\"\" class=\"wp-image-752\"\/><\/figure><\/div>\n\n\n\n<h4 id=\"wp-block-themeisle-blocks-advanced-heading-bb0e20f2\" class=\"wp-block-themeisle-blocks-advanced-heading wp-block-themeisle-blocks-advanced-heading-bb0e20f2\">Kindergeburtstage<\/h4>\n\n\n\n<p class=\"has-small-font-size\">Bis zum 8. Geburtstag bieten unsere Kinderparours Spa\u00df und Abenteuer, danach geht es hoch hinauf. <br>Rechnen Sie mit einem Erwachsenen pro 3 Kinder, dann wird es f\u00fcr alle ein entspannter Tag. <br>Kuchen und andere Verpflegung darf gerne mitgebracht werden. Und ein paar Servietten f\u00fcr die Reste des Schokoladenkuchens haben unsere erfahrenen Trainer auch griffbereit\u2026.<br>Jederzeit k\u00f6nnen auch andere Kindergeburtstagsaktionen gebucht werden. Von der Geburtstagsolympiade \u00fcber eine Schatzsuche bis hin zum Ponyreiten &#8211; alles ist m\u00f6glich.<\/p>\n<\/div>\n\n\n\n<div class=\"wp-block-column is-layout-flow wp-block-column-is-layout-flow\">\n<div class=\"wp-block-image is-style-rounded\"><figure class=\"aligncenter size-large is-resized\"><img data-recalc-dims=\"1\" loading=\"lazy\" decoding=\"async\" src=\"https:\/\/i0.wp.com\/dev.kletterwald-tegernsee.de\/wp-content\/uploads\/2021\/07\/JG.jpg?resize=240%2C160&#038;ssl=1\" alt=\"\" class=\"wp-image-751\" width=\"240\" height=\"160\"\/><\/figure><\/div>\n\n\n\n<h4 id=\"wp-block-themeisle-blocks-advanced-heading-31d04bf9\" class=\"wp-block-themeisle-blocks-advanced-heading wp-block-themeisle-blocks-advanced-heading-31d04bf9\">JunggesellInnenabschied<\/h4>\n\n\n\n<p class=\"has-text-align-left has-small-font-size\">Adrenalin statt Alkohol! <br>Das Eheleben ist hart genug, also verbringt vorher nochmal einen unbeschwerten Nachmittag in Freiheit. <br>Klettern, Sommerrodeln und hinterher noch ein Absacker in der untergehenden Sonne\u2026?<\/p>\n<\/div>\n<\/div>\n\n\n\n<h3 class=\"has-text-align-center has-accent-color has-background-color-background-color has-text-color has-background wp-block-heading\">Grunds\u00e4tzlich gilt: Bitte vorher telefonisch anmelden unter 08022 187779.<\/h3>\n<\/div>\n<\/div><\/div>\n\n\n\n<p>&nbsp;<\/p>\n","protected":false},"excerpt":{"rendered":"<p>&nbsp;<\/p>\n","protected":false},"author":1,"featured_media":697,"parent":0,"menu_order":0,"comment_status":"closed","ping_status":"closed","template":"","meta":{"footnotes":""},"class_list":["post-144","page","type-page","status-publish","has-post-thumbnail","hentry"],"jetpack_sharing_enabled":true,"_links":{"self":[{"href":"https:\/\/www.kletterwald-tegernsee.de\/index.php?rest_route=\/wp\/v2\/pages\/144","targetHints":{"allow":["GET"]}}],"collection":[{"href":"https:\/\/www.kletterwald-tegernsee.de\/index.php?rest_route=\/wp\/v2\/pages"}],"about":[{"href":"https:\/\/www.kletterwald-tegernsee.de\/index.php?rest_route=\/wp\/v2\/types\/page"}],"author":[{"embeddable":true,"href":"https:\/\/www.kletterwald-tegernsee.de\/index.php?rest_route=\/wp\/v2\/users\/1"}],"replies":[{"embeddable":true,"href":"https:\/\/www.kletterwald-tegernsee.de\/index.php?rest_route=%2Fwp%2Fv2%2Fcomments&post=144"}],"version-history":[{"count":22,"href":"https:\/\/www.kletterwald-tegernsee.de\/index.php?rest_route=\/wp\/v2\/pages\/144\/revisions"}],"predecessor-version":[{"id":764,"href":"https:\/\/www.kletterwald-tegernsee.de\/index.php?rest_route=\/wp\/v2\/pages\/144\/revisions\/764"}],"wp:featuredmedia":[{"embeddable":true,"href":"https:\/\/www.kletterwald-tegernsee.de\/index.php?rest_route=\/wp\/v2\/media\/697"}],"wp:attachment":[{"href":"https:\/\/www.kletterwald-tegernsee.de\/index.php?rest_route=%2Fwp%2Fv2%2Fmedia&parent=144"}],"curies":[{"name":"wp","href":"https:\/\/api.w.org\/{rel}","templated":true}]}}