{"id":145,"date":"2021-03-07T17:34:17","date_gmt":"2021-03-07T16:34:17","guid":{"rendered":"http:\/\/dev.kletterwald-tegernsee.de\/?page_id=145"},"modified":"2021-07-24T22:00:26","modified_gmt":"2021-07-24T20:00:26","slug":"events","status":"publish","type":"page","link":"https:\/\/www.kletterwald-tegernsee.de\/?page_id=145","title":{"rendered":"Events! Erleben. Bewegen. Weiterentwickeln."},"content":{"rendered":"\n<div id=\"wp-block-themeisle-blocks-slider-43aac03a\" class=\"wp-block-themeisle-blocks-slider glide\" data-per-view=\"3\" data-gap=\"0\" data-peek=\"0\" data-autoplay=\"true\" data-height=\"200px\" data-hide-arrows=\"false\"><div class=\"glide__track\" data-glide-el=\"track\"><div class=\"glide__slides\"><div class=\"wp-block-themeisle-blocks-slider-item-wrapper glide__slide\" tabindex=\"0\"><figure><img data-recalc-dims=\"1\" decoding=\"async\" class=\"wp-block-themeisle-blocks-slider-item\" src=\"https:\/\/i0.wp.com\/dev.kletterwald-tegernsee.de\/wp-content\/uploads\/2021\/05\/image021.jpg?w=750\" alt=\"\" title=\"\" data-id=\"616\"\/><\/figure><\/div><div class=\"wp-block-themeisle-blocks-slider-item-wrapper glide__slide\" tabindex=\"0\"><figure><img data-recalc-dims=\"1\" decoding=\"async\" class=\"wp-block-themeisle-blocks-slider-item\" src=\"https:\/\/i0.wp.com\/dev.kletterwald-tegernsee.de\/wp-content\/uploads\/2021\/05\/image020.jpg?w=750\" alt=\"\" title=\"\" data-id=\"615\"\/><\/figure><\/div><div class=\"wp-block-themeisle-blocks-slider-item-wrapper glide__slide\" tabindex=\"0\"><figure><img data-recalc-dims=\"1\" decoding=\"async\" class=\"wp-block-themeisle-blocks-slider-item\" src=\"https:\/\/i0.wp.com\/dev.kletterwald-tegernsee.de\/wp-content\/uploads\/2021\/05\/image019.jpg?w=750\" alt=\"\" title=\"\" data-id=\"614\"\/><\/figure><\/div><div class=\"wp-block-themeisle-blocks-slider-item-wrapper glide__slide\" tabindex=\"0\"><figure><img data-recalc-dims=\"1\" decoding=\"async\" class=\"wp-block-themeisle-blocks-slider-item\" src=\"https:\/\/i0.wp.com\/dev.kletterwald-tegernsee.de\/wp-content\/uploads\/2021\/05\/image018.jpg?w=750\" alt=\"\" title=\"\" data-id=\"613\"\/><\/figure><\/div><div class=\"wp-block-themeisle-blocks-slider-item-wrapper glide__slide\" tabindex=\"0\"><figure><img data-recalc-dims=\"1\" decoding=\"async\" class=\"wp-block-themeisle-blocks-slider-item\" src=\"https:\/\/i0.wp.com\/dev.kletterwald-tegernsee.de\/wp-content\/uploads\/2021\/05\/image030.jpg?w=750\" alt=\"\" title=\"\" data-id=\"612\"\/><\/figure><\/div><div class=\"wp-block-themeisle-blocks-slider-item-wrapper glide__slide\" tabindex=\"0\"><figure><img data-recalc-dims=\"1\" decoding=\"async\" class=\"wp-block-themeisle-blocks-slider-item\" src=\"https:\/\/i0.wp.com\/dev.kletterwald-tegernsee.de\/wp-content\/uploads\/2021\/05\/image029.jpg?w=750\" alt=\"\" title=\"\" data-id=\"611\"\/><\/figure><\/div><div class=\"wp-block-themeisle-blocks-slider-item-wrapper glide__slide\" tabindex=\"0\"><figure><img data-recalc-dims=\"1\" decoding=\"async\" class=\"wp-block-themeisle-blocks-slider-item\" src=\"https:\/\/i0.wp.com\/dev.kletterwald-tegernsee.de\/wp-content\/uploads\/2021\/05\/image028.jpg?w=750\" alt=\"\" title=\"\" data-id=\"610\"\/><\/figure><\/div><div class=\"wp-block-themeisle-blocks-slider-item-wrapper glide__slide\" tabindex=\"0\"><figure><img data-recalc-dims=\"1\" decoding=\"async\" class=\"wp-block-themeisle-blocks-slider-item\" src=\"https:\/\/i0.wp.com\/dev.kletterwald-tegernsee.de\/wp-content\/uploads\/2021\/05\/image027.jpg?w=750\" alt=\"\" title=\"\" data-id=\"609\"\/><\/figure><\/div><div class=\"wp-block-themeisle-blocks-slider-item-wrapper glide__slide\" tabindex=\"0\"><figure><img data-recalc-dims=\"1\" decoding=\"async\" class=\"wp-block-themeisle-blocks-slider-item\" src=\"https:\/\/i0.wp.com\/dev.kletterwald-tegernsee.de\/wp-content\/uploads\/2021\/05\/image026.jpg?w=750\" alt=\"\" title=\"\" data-id=\"608\"\/><\/figure><\/div><div class=\"wp-block-themeisle-blocks-slider-item-wrapper glide__slide\" tabindex=\"0\"><figure><img data-recalc-dims=\"1\" decoding=\"async\" class=\"wp-block-themeisle-blocks-slider-item\" src=\"https:\/\/i0.wp.com\/dev.kletterwald-tegernsee.de\/wp-content\/uploads\/2021\/05\/image025.jpg?w=750\" alt=\"\" title=\"\" data-id=\"607\"\/><\/figure><\/div><div class=\"wp-block-themeisle-blocks-slider-item-wrapper glide__slide\" tabindex=\"0\"><figure><img data-recalc-dims=\"1\" decoding=\"async\" class=\"wp-block-themeisle-blocks-slider-item\" src=\"https:\/\/i0.wp.com\/dev.kletterwald-tegernsee.de\/wp-content\/uploads\/2021\/05\/image024.jpg?w=750\" alt=\"\" title=\"\" data-id=\"606\"\/><\/figure><\/div><div class=\"wp-block-themeisle-blocks-slider-item-wrapper glide__slide\" tabindex=\"0\"><figure><img data-recalc-dims=\"1\" decoding=\"async\" class=\"wp-block-themeisle-blocks-slider-item\" src=\"https:\/\/i0.wp.com\/dev.kletterwald-tegernsee.de\/wp-content\/uploads\/2021\/05\/image023.jpg?w=750\" alt=\"\" title=\"\" data-id=\"605\"\/><\/figure><\/div><div class=\"wp-block-themeisle-blocks-slider-item-wrapper glide__slide\" tabindex=\"0\"><figure><img data-recalc-dims=\"1\" decoding=\"async\" class=\"wp-block-themeisle-blocks-slider-item\" src=\"https:\/\/i0.wp.com\/dev.kletterwald-tegernsee.de\/wp-content\/uploads\/2021\/05\/image022.jpg?w=750\" alt=\"\" title=\"\" data-id=\"604\"\/><\/figure><\/div><\/div><div class=\"glide__bullets\" data-glide-el=\"controls[nav]\"><button class=\"glide__bullet\" data-glide-dir=\"=0\"><\/button><button class=\"glide__bullet\" data-glide-dir=\"=1\"><\/button><button class=\"glide__bullet\" data-glide-dir=\"=2\"><\/button><button class=\"glide__bullet\" data-glide-dir=\"=3\"><\/button><button class=\"glide__bullet\" data-glide-dir=\"=4\"><\/button><button class=\"glide__bullet\" data-glide-dir=\"=5\"><\/button><button class=\"glide__bullet\" data-glide-dir=\"=6\"><\/button><button class=\"glide__bullet\" data-glide-dir=\"=7\"><\/button><button class=\"glide__bullet\" data-glide-dir=\"=8\"><\/button><button class=\"glide__bullet\" data-glide-dir=\"=9\"><\/button><button class=\"glide__bullet\" data-glide-dir=\"=10\"><\/button><button class=\"glide__bullet\" data-glide-dir=\"=11\"><\/button><button class=\"glide__bullet\" data-glide-dir=\"=12\"><\/button><\/div><\/div><\/div>\n\n\n\n<div class=\"wp-block-columns is-layout-flex wp-container-core-columns-is-layout-1 wp-block-columns-is-layout-flex\">\n<div class=\"wp-block-column is-layout-flow wp-block-column-is-layout-flow\">\n<h3 class=\"has-text-align-center wp-block-heading\">Teamevents<\/h3>\n<\/div>\n\n\n\n<div class=\"wp-block-column is-layout-flow wp-block-column-is-layout-flow\">\n<h3 class=\"has-text-align-center wp-block-heading\">Sportevents<\/h3>\n\n\n\n<hr class=\"wp-block-separator\"\/>\n<\/div>\n\n\n\n<div class=\"wp-block-column is-layout-flow wp-block-column-is-layout-flow\">\n<h3 class=\"has-text-align-center wp-block-heading\">Incentives<\/h3>\n<\/div>\n<\/div>\n\n\n\n<p>Die Luft kl\u00e4rt unsere Gedanken, die Ger\u00fcche und Ger\u00e4usche sch\u00e4rfen unsere Sinne, das Lichtspiel weckt versteckte Emotionen, die Farben bringen Ideen zum leuchten. Wir lassen uns inspirieren und konzentrieren unseren Blick auf neue Ziele. Ungeahntes wird erreichbar.\u00a0Darum haben wir uns zum Ziel gesetzt, durch die Verkn\u00fcpfung von Natur und Bewegung Ihre St\u00e4rken herauszulocken.<\/p>\n\n\n\n<hr class=\"wp-block-separator has-text-color has-background has-accent-background-color has-accent-color is-style-wide\"\/>\n\n\n\n<div class=\"wp-block-columns is-layout-flex wp-container-core-columns-is-layout-2 wp-block-columns-is-layout-flex\">\n<div class=\"wp-block-column is-layout-flow wp-block-column-is-layout-flow\" style=\"flex-basis:33.33%\">\n<figure class=\"wp-block-image size-large\"><img data-recalc-dims=\"1\" loading=\"lazy\" decoding=\"async\" width=\"239\" height=\"159\" src=\"https:\/\/i0.wp.com\/dev.kletterwald-tegernsee.de\/wp-content\/uploads\/2021\/05\/image019.jpg?resize=239%2C159&#038;ssl=1\" alt=\"\" class=\"wp-image-614\"\/><\/figure>\n<\/div>\n\n\n\n<div class=\"wp-block-column is-layout-flow wp-block-column-is-layout-flow\" style=\"flex-basis:66.66%\">\n<h3 class=\"wp-block-heading\" id=\"cc-m-header-13575682234\">Interaktive Teamaufgaben<\/h3>\n\n\n\n<p style=\"font-size:12px\">Das \u201eSpinnennetz\u201c, das \u201eVertrauensdreieck\u201c, der \u201eMohawk-walk\u201c usw. sind Aufgaben die nur mit einer gut funktionierenden Kommunikation und Zusammenarbeit der Teilnehmer bew\u00e4ltigt werden k\u00f6nnen. Nicht immer klappt das gleich auf den ersten Versuch.&nbsp;Wer \u00fcbernimmt welche Rolle? Wer kann die Kollegen anleiten? Wer ist ein guter Team-Player? Wer ist der Organisator und wer \u00fcbernimmt die Planung? Gemeinsam die L\u00f6sung herbeif\u00fchren und die Aufgabe meistern \u2013 das st\u00e4rkt den Zusammenhalt!<\/p>\n<\/div>\n<\/div>\n\n\n\n<hr class=\"wp-block-separator is-style-wide\"\/>\n\n\n\n<div class=\"wp-block-columns is-layout-flex wp-container-core-columns-is-layout-3 wp-block-columns-is-layout-flex\">\n<div class=\"wp-block-column is-layout-flow wp-block-column-is-layout-flow\" style=\"flex-basis:33.33%\">\n<figure class=\"wp-block-image size-large\"><img data-recalc-dims=\"1\" loading=\"lazy\" decoding=\"async\" width=\"222\" height=\"148\" src=\"https:\/\/i0.wp.com\/dev.kletterwald-tegernsee.de\/wp-content\/uploads\/2021\/05\/image020.jpg?resize=222%2C148&#038;ssl=1\" alt=\"\" class=\"wp-image-615\"\/><\/figure>\n<\/div>\n\n\n\n<div class=\"wp-block-column is-layout-flow wp-block-column-is-layout-flow\" style=\"flex-basis:66.66%\">\n<h3 class=\"wp-block-heading\" id=\"cc-m-header-13583123734\">Firmenolympiade<\/h3>\n\n\n\n<p style=\"font-size:12px\">Ein sportlicher Wettkampf mit Spa\u00dfcharakter. In kleinen Teams gilt es verschiedenste sportliche Aufgaben zu bew\u00e4ltigen. Dabei braucht es keine besonderen Vorkenntnisse, denn nat\u00fcrlich gibt es vor der \u201eWertung\u201c immer Zeit, die Stationen auszuprobieren. Allein Kondition, Kraft und Ausdauer k\u00fcren hier nicht die Sieger! Vielmehr gilt es, sich eine gute Taktik zu \u00fcberlegen, sich zu konzentrieren und gegenseitig zu motivieren.&nbsp;Welches Team erzielt die besten Resultate? Die Siegerehrung wird das R\u00e4tsel l\u00fcften.&nbsp;Stationen einer Firmenolympiade sind zum Beispiel:&nbsp;<\/p>\n\n\n\n<p style=\"font-size:12px\">Bogenschie\u00dfen, Crossgolf, Teamskilaufen, Tauziehen, Baseball, Biathlon, Hufeisenwerfen, Torwandschie\u00dfen,&nbsp;Basketballfreiwurf, Bierkastenbr\u00fcckenbau, Bierkastenstapelklettern, Slackline, Bla\u00dfrohrschie\u00dfen, Sommerrodelbahn<\/p>\n<\/div>\n<\/div>\n\n\n\n<hr class=\"wp-block-separator is-style-wide\"\/>\n\n\n\n<div class=\"wp-block-columns is-layout-flex wp-container-core-columns-is-layout-4 wp-block-columns-is-layout-flex\">\n<div class=\"wp-block-column is-layout-flow wp-block-column-is-layout-flow\" style=\"flex-basis:33.33%\">\n<figure class=\"wp-block-image size-large\"><img data-recalc-dims=\"1\" loading=\"lazy\" decoding=\"async\" width=\"222\" height=\"147\" src=\"https:\/\/i0.wp.com\/dev.kletterwald-tegernsee.de\/wp-content\/uploads\/2021\/05\/image021.jpg?resize=222%2C147&#038;ssl=1\" alt=\"\" class=\"wp-image-616\"\/><\/figure>\n<\/div>\n\n\n\n<div class=\"wp-block-column is-layout-flow wp-block-column-is-layout-flow\" style=\"flex-basis:66.66%\">\n<h3 class=\"wp-block-heading\" id=\"cc-m-header-13575677634\">Bayerischer Abend<\/h3>\n\n\n\n<p style=\"font-size:12px\">Im bayerischen Ambiente werden traditionelle, urige Aufgaben gestellt, wie sie schon unsere Vorfahren meistern mussten. In Teams m\u00fcssen schnelle L\u00f6sungen gefunden werden. Wer \u00fcbernimmt welche Aufgabe?<\/p>\n\n\n\n<p style=\"font-size:12px\">\u25fc\ufe0e \u00a0 Wer hat die Kraft und die Ausdauer, mit einer 400 Jahre alten\u00a0Wieges\u00e4ge einen Baumstamm<br>\u00a0 \u00a0 \u00a0 \u00a0zu durchs\u00e4gen?<br>\u25fc\ufe0e \u00a0 Wer kann unsere Holzkuh \u201eBurgel\u201c melken?<br>\u25fc\ufe0e \u00a0 Wer hat \u201eechte Oberarmmuskeln\u201c und kann die Ma\u00df Bier\u00a0am l\u00e4ngsten stemmen?<br>\u25fc\ufe0e \u00a0 Wer versenkt den Nagel mit den wenigsten Schl\u00e4gen?<br>\u25fc\ufe0e \u00a0 Welches Team harmoniert am besten auf unseren HolzSkiern?<br>\u25fc\ufe0e \u00a0 Wer gibt beim L\u00f6ffeln den Ton an?<br>\u25fc\ufe0e \u00a0 Wer hat den Takt raus beim Schuhplatteln? \u00a0<\/p>\n\n\n\n<p style=\"font-size:12px\">Anschlie\u00dfend kann bei Musik, Tanz und einem bayerischen Essen gefeiert werden.<\/p>\n<\/div>\n<\/div>\n\n\n\n<hr class=\"wp-block-separator is-style-wide\"\/>\n\n\n\n<div class=\"wp-block-columns is-layout-flex wp-container-core-columns-is-layout-5 wp-block-columns-is-layout-flex\">\n<div class=\"wp-block-column is-layout-flow wp-block-column-is-layout-flow\" style=\"flex-basis:33.33%\">\n<figure class=\"wp-block-image size-large\"><img data-recalc-dims=\"1\" loading=\"lazy\" decoding=\"async\" width=\"222\" height=\"147\" src=\"https:\/\/i0.wp.com\/dev.kletterwald-tegernsee.de\/wp-content\/uploads\/2021\/05\/image022.jpg?resize=222%2C147&#038;ssl=1\" alt=\"\" class=\"wp-image-604\"\/><\/figure>\n<\/div>\n\n\n\n<div class=\"wp-block-column is-layout-flow wp-block-column-is-layout-flow\" style=\"flex-basis:66.66%\">\n<h3 class=\"wp-block-heading\" id=\"cc-m-header-13575682734\">Flo\u00dfbau<\/h3>\n\n\n\n<p style=\"font-size:12px\">Ein paar Holzbretter oder St\u00e4mme, Seile und Reifen. Das ist alles, was zur Verf\u00fcgung steht!&nbsp;Dann ist Teamarbeit gefragt.&nbsp;Welches Team schafft es, ein Flo\u00df zu bauen, die Teamfahne zu hissen und m\u00f6glichst trocken eine Runde im Tegernsee zu paddeln? Die moderne Schnitzeljagd.&nbsp;Mit einem GPS-Ger\u00e4t ausger\u00fcstet wird das erste Versteck gesucht. Dort wartet schon die n\u00e4chste Aufgabe \u2026.&nbsp;Wer kann gut mit Koordinaten umgehen und eine Karte lesen?&nbsp;Wer versteht die verschl\u00fcsselte Botschaft? Gemeinsam im Team das R\u00e4tsel l\u00f6sen.<\/p>\n<\/div>\n<\/div>\n\n\n\n<hr class=\"wp-block-separator is-style-wide\"\/>\n\n\n\n<div class=\"wp-block-columns is-layout-flex wp-container-core-columns-is-layout-6 wp-block-columns-is-layout-flex\">\n<div class=\"wp-block-column is-layout-flow wp-block-column-is-layout-flow\" style=\"flex-basis:33.33%\">\n<figure class=\"wp-block-image size-large\"><img data-recalc-dims=\"1\" loading=\"lazy\" decoding=\"async\" width=\"222\" height=\"147\" src=\"https:\/\/i0.wp.com\/dev.kletterwald-tegernsee.de\/wp-content\/uploads\/2021\/05\/image023.jpg?resize=222%2C147&#038;ssl=1\" alt=\"\" class=\"wp-image-605\"\/><\/figure>\n<\/div>\n\n\n\n<div class=\"wp-block-column is-layout-flow wp-block-column-is-layout-flow\" style=\"flex-basis:66.66%\">\n<h3 class=\"wp-block-heading\" id=\"cc-m-header-13575677934\">Touren<\/h3>\n\n\n\n<p style=\"font-size:12px\">Die Natur ist unser Impulsgeber! Ideen werden neu geboren, Gedanken neu gefasst.&nbsp;Mit dem E-Bike, Mountainbike oder als Wanderung gemeinsam raus aus dem B\u00fcro, rein in die Natur. Unsere Guides f\u00fchren Sie durch unsere Bergwelt in unserer Alpenregion Tegernsee-Schliersee.&nbsp;&nbsp;<\/p>\n<\/div>\n<\/div>\n\n\n\n<hr class=\"wp-block-separator is-style-wide\"\/>\n\n\n\n<div class=\"wp-block-columns is-layout-flex wp-container-core-columns-is-layout-7 wp-block-columns-is-layout-flex\">\n<div class=\"wp-block-column is-layout-flow wp-block-column-is-layout-flow\" style=\"flex-basis:33.33%\">\n<figure class=\"wp-block-image size-large\"><img data-recalc-dims=\"1\" loading=\"lazy\" decoding=\"async\" width=\"222\" height=\"148\" src=\"https:\/\/i0.wp.com\/dev.kletterwald-tegernsee.de\/wp-content\/uploads\/2021\/05\/image024.jpg?resize=222%2C148&#038;ssl=1\" alt=\"\" class=\"wp-image-606\"\/><\/figure>\n<\/div>\n\n\n\n<div class=\"wp-block-column is-layout-flow wp-block-column-is-layout-flow\" style=\"flex-basis:66.66%\">\n<h3 class=\"wp-block-heading\" id=\"cc-m-header-13583135434\">Geo-Caching<\/h3>\n\n\n\n<p style=\"font-size:12px\">Die moderne Schnitzeljagd.&nbsp;Mit einem GPS-Ger\u00e4t ausger\u00fcstet wird das erste Versteck gesucht. Dort wartet schon die n\u00e4chste Aufgabe \u2026.&nbsp;Wer kann gut mit Koordinaten umgehen und eine Karte lesen?&nbsp;Wer versteht die verschl\u00fcsselte Botschaft?&nbsp;Gemeinsam im Team das R\u00e4tsel l\u00f6sen.<\/p>\n<\/div>\n<\/div>\n\n\n\n<hr class=\"wp-block-separator is-style-wide\"\/>\n\n\n\n<div class=\"wp-block-columns is-layout-flex wp-container-core-columns-is-layout-8 wp-block-columns-is-layout-flex\">\n<div class=\"wp-block-column is-layout-flow wp-block-column-is-layout-flow\" style=\"flex-basis:33.33%\">\n<figure class=\"wp-block-image size-large\"><img data-recalc-dims=\"1\" loading=\"lazy\" decoding=\"async\" width=\"222\" height=\"148\" src=\"https:\/\/i0.wp.com\/dev.kletterwald-tegernsee.de\/wp-content\/uploads\/2021\/05\/image025.jpg?resize=222%2C148&#038;ssl=1\" alt=\"\" class=\"wp-image-607\"\/><\/figure>\n<\/div>\n\n\n\n<div class=\"wp-block-column is-layout-flow wp-block-column-is-layout-flow\" style=\"flex-basis:66.66%\">\n<h3 class=\"wp-block-heading\" id=\"cc-m-header-13575678434\">Segeln und Standup Paddling<\/h3>\n\n\n\n<p style=\"font-size:12px\">Manches sieht man nicht \u2013 und doch hat es eine Kraft auf uns, die wir nutzen k\u00f6nnen, wenn wir sie richtig lenken. So treibt uns der Wind vorw\u00e4rts, w\u00e4hrend uns das Wasser tr\u00e4gt.<\/p>\n\n\n\n<p style=\"font-size:12px\">Segeln Sie gemeinsam oder in kleinen Gruppen \u00fcber den Tegernsee und finden Sie dann auf den StandUpBoards ihre Balance. Auf dem \u00fcberdimensional gro\u00dfen SUP ist dann wieder Teamarbeit gefragt. Nur dann bleiben Sie trocken!<\/p>\n<\/div>\n<\/div>\n\n\n\n<hr class=\"wp-block-separator is-style-wide\"\/>\n\n\n\n<div class=\"wp-block-columns is-layout-flex wp-container-core-columns-is-layout-9 wp-block-columns-is-layout-flex\">\n<div class=\"wp-block-column is-layout-flow wp-block-column-is-layout-flow\" style=\"flex-basis:33.33%\">\n<figure class=\"wp-block-image size-large\"><img data-recalc-dims=\"1\" loading=\"lazy\" decoding=\"async\" width=\"222\" height=\"147\" src=\"https:\/\/i0.wp.com\/dev.kletterwald-tegernsee.de\/wp-content\/uploads\/2021\/05\/image026.jpg?resize=222%2C147&#038;ssl=1\" alt=\"\" class=\"wp-image-608\"\/><\/figure>\n<\/div>\n\n\n\n<div class=\"wp-block-column is-layout-flow wp-block-column-is-layout-flow\" style=\"flex-basis:66.66%\">\n<h3 class=\"wp-block-heading\" id=\"cc-m-header-13575678734\">Golfeinf\u00fchrung und Kurzspielturnier<\/h3>\n\n\n\n<p style=\"font-size:12px\">Nach einer Golfeinf\u00fchrung durchlaufen Sie ein Stationstraining bei dem alle Grundschl\u00e4ge mit einem&nbsp; PGA Golfpro trainiert werden.&nbsp;Anschlie\u00dfend gibt es ein Putt- und Longest-Drive-Wettbewerb.&nbsp;Nat\u00fcrlich perfekt organisiert in einem exzellenten Golfresort.<\/p>\n<\/div>\n<\/div>\n\n\n\n<hr class=\"wp-block-separator is-style-wide\"\/>\n\n\n\n<div class=\"wp-block-columns is-layout-flex wp-container-core-columns-is-layout-10 wp-block-columns-is-layout-flex\">\n<div class=\"wp-block-column is-layout-flow wp-block-column-is-layout-flow\" style=\"flex-basis:33.33%\">\n<figure class=\"wp-block-image size-large\"><img data-recalc-dims=\"1\" loading=\"lazy\" decoding=\"async\" width=\"222\" height=\"167\" src=\"https:\/\/i0.wp.com\/dev.kletterwald-tegernsee.de\/wp-content\/uploads\/2021\/05\/image027.jpg?resize=222%2C167&#038;ssl=1\" alt=\"\" class=\"wp-image-609\"\/><\/figure>\n<\/div>\n\n\n\n<div class=\"wp-block-column is-layout-flow wp-block-column-is-layout-flow\" style=\"flex-basis:66.66%\">\n<h3 class=\"wp-block-heading\" id=\"cc-m-header-13575685534\">Ballsport<\/h3>\n\n\n\n<p style=\"font-size:12px\">Tennis, Badminton, Beachvolleyball,&nbsp; Fu\u00dfball, Soccer 5.&nbsp;Mit einem Profitrainer, eine Trainingseinheit absolvieren und dann ein Turnier spielen.Wir k\u00fcmmern uns um die Ausr\u00fcstung, Trainer, Pl\u00e4tze,&nbsp; Verpflegung und nat\u00fcrlich um das geeignete Ambiente!&nbsp;<\/p>\n<\/div>\n<\/div>\n\n\n\n<hr class=\"wp-block-separator is-style-wide\"\/>\n\n\n\n<div class=\"wp-block-columns is-layout-flex wp-container-core-columns-is-layout-11 wp-block-columns-is-layout-flex\">\n<div class=\"wp-block-column is-layout-flow wp-block-column-is-layout-flow\" style=\"flex-basis:33.33%\">\n<figure class=\"wp-block-image size-large\"><img data-recalc-dims=\"1\" loading=\"lazy\" decoding=\"async\" width=\"222\" height=\"148\" src=\"https:\/\/i0.wp.com\/dev.kletterwald-tegernsee.de\/wp-content\/uploads\/2021\/05\/image028.jpg?resize=222%2C148&#038;ssl=1\" alt=\"\" class=\"wp-image-610\"\/><\/figure>\n<\/div>\n\n\n\n<div class=\"wp-block-column is-layout-flow wp-block-column-is-layout-flow\" style=\"flex-basis:66.66%\">\n<h3 class=\"wp-block-heading\" id=\"cc-m-header-13575685934\">Ballonfahren<\/h3>\n\n\n\n<p style=\"font-size:12px\">Viele Dinge sieht man erst von einer anderen Perspektive.\u00a0G\u00f6nnen Sie sich mit ihrem Unternehmen ein einzigartiges Erlebnis. Wir organisieren Ballonfahrten mit einem kompletten Rahmenprogramm.\u00a0Ob Shuttelservice oder kulinarische K\u00f6stlichkeiten.\u00a0Wir k\u00fcmmern uns darum.<\/p>\n<\/div>\n<\/div>\n\n\n\n<hr class=\"wp-block-separator is-style-wide\"\/>\n\n\n\n<div class=\"wp-block-columns is-layout-flex wp-container-core-columns-is-layout-12 wp-block-columns-is-layout-flex\">\n<div class=\"wp-block-column is-layout-flow wp-block-column-is-layout-flow\" style=\"flex-basis:33.33%\">\n<figure class=\"wp-block-image size-large\"><img data-recalc-dims=\"1\" loading=\"lazy\" decoding=\"async\" width=\"222\" height=\"148\" src=\"https:\/\/i0.wp.com\/dev.kletterwald-tegernsee.de\/wp-content\/uploads\/2021\/05\/image029.jpg?resize=222%2C148&#038;ssl=1\" alt=\"\" class=\"wp-image-611\"\/><\/figure>\n<\/div>\n\n\n\n<div class=\"wp-block-column is-layout-flow wp-block-column-is-layout-flow\" style=\"flex-basis:66.66%\">\n<h3 class=\"wp-block-heading\" id=\"cc-m-header-13575679034\">Wintersport<\/h3>\n\n\n\n<p style=\"font-size:12px\">Skifahren,\u00a0 Snowboarden,\u00a0 Nordic Fitness, Schneeschuhwandern, Skitour, Skiguiding oder\u00a0 Freeride.\u00a0Da sind wir die Profis! Ob Kurse, Eventbetreuung, Skirennen, Langlaufrennen,\u00a0 Zipfelbobrennen, Hundeschlittenrennen, Biathlon oder Eisstockschie\u00dfen. Alles ist m\u00f6glich! \u00a0<\/p>\n<\/div>\n<\/div>\n\n\n\n<hr class=\"wp-block-separator is-style-wide\"\/>\n\n\n\n<div class=\"wp-block-columns is-layout-flex wp-container-core-columns-is-layout-13 wp-block-columns-is-layout-flex\">\n<div class=\"wp-block-column is-layout-flow wp-block-column-is-layout-flow\" style=\"flex-basis:33.33%\">\n<figure class=\"wp-block-image size-large\"><img data-recalc-dims=\"1\" loading=\"lazy\" decoding=\"async\" width=\"222\" height=\"148\" src=\"https:\/\/i0.wp.com\/dev.kletterwald-tegernsee.de\/wp-content\/uploads\/2021\/05\/image030.jpg?resize=222%2C148&#038;ssl=1\" alt=\"\" class=\"wp-image-612\"\/><\/figure>\n<\/div>\n\n\n\n<div class=\"wp-block-column is-layout-flow wp-block-column-is-layout-flow\" style=\"flex-basis:66.66%\">\n<h3 class=\"wp-block-heading\" id=\"cc-m-header-13575679234\">H\u00fcttentour<\/h3>\n\n\n\n<p style=\"font-size:12px\">Meist bestimmt Hektik, Termindruck und Stress unseren Betriebsalttag.&nbsp;Einfach mal abschalten, in Ruhe zur Besinnung kommen. Kein Handy, kein Laptop, kein Luxus.&nbsp;Unsere Trainer f\u00fchren Sie zu einer verlassenen H\u00fctte. Beim gemeinsamen Kochen, musizieren und H\u00fcttenspiele auf neue Ideen kommen und neue Strategien entwickeln.<\/p>\n<\/div>\n<\/div>\n\n\n\n<hr class=\"wp-block-separator is-style-wide\"\/>\n\n\n\n<div class=\"wp-block-columns is-layout-flex wp-container-core-columns-is-layout-14 wp-block-columns-is-layout-flex\">\n<div class=\"wp-block-column is-layout-flow wp-block-column-is-layout-flow\" style=\"flex-basis:33.33%\">\n<figure class=\"wp-block-image size-large\"><img data-recalc-dims=\"1\" loading=\"lazy\" decoding=\"async\" width=\"222\" height=\"148\" src=\"https:\/\/i0.wp.com\/dev.kletterwald-tegernsee.de\/wp-content\/uploads\/2021\/07\/event-mg.jpg?resize=222%2C148&#038;ssl=1\" alt=\"\" class=\"wp-image-745\"\/><\/figure>\n<\/div>\n\n\n\n<div class=\"wp-block-column is-layout-flow wp-block-column-is-layout-flow\" style=\"flex-basis:66.66%\">\n<h3 class=\"wp-block-heading\" id=\"cc-m-header-13575679434\">Meet and Greet<\/h3>\n\n\n\n<p style=\"font-size:12px\">Im geeigneten Ambiente treffen Sie Gr\u00f6\u00dfen aus dem Spitzensport.&nbsp;Was kann ein Mitarbeiter von einem ehemaligen Spitzensportler lernen?&nbsp;Wie profitiert ein Unternehmen von motivierten F\u00fchrungskr\u00e4ften und Mitarbeitern?&nbsp;<\/p>\n<\/div>\n<\/div>\n\n\n\n<hr class=\"wp-block-separator is-style-wide\"\/>\n\n\n\n<div class=\"wp-block-columns is-layout-flex wp-container-core-columns-is-layout-15 wp-block-columns-is-layout-flex\">\n<div class=\"wp-block-column is-layout-flow wp-block-column-is-layout-flow\" style=\"flex-basis:33.33%\">\n<figure class=\"wp-block-image size-large\"><img data-recalc-dims=\"1\" loading=\"lazy\" decoding=\"async\" width=\"222\" height=\"149\" src=\"https:\/\/i0.wp.com\/dev.kletterwald-tegernsee.de\/wp-content\/uploads\/2021\/07\/event-top.jpg?resize=222%2C149&#038;ssl=1\" alt=\"\" class=\"wp-image-746\"\/><\/figure>\n<\/div>\n\n\n\n<div class=\"wp-block-column is-layout-flow wp-block-column-is-layout-flow\" style=\"flex-basis:66.66%\">\n<h3 class=\"wp-block-heading\" id=\"cc-m-header-13575679634\">Top Premium<\/h3>\n\n\n\n<p style=\"font-size:12px\">Ihre Veranstaltung soll&nbsp; etwas&nbsp; Einzigartiges werden.&nbsp;Ganz nach Ihrer Vorstellung, kreieren wir ein perfektes Programm. Ob Galaabend oder Produkteinf\u00fchrung bei uns sind Sie richtig.<\/p>\n<\/div>\n<\/div>\n","protected":false},"excerpt":{"rendered":"<p>Teamevents Sportevents Incentives Die Luft kl\u00e4rt unsere Gedanken, die Ger\u00fcche und Ger\u00e4usche sch\u00e4rfen unsere Sinne, das Lichtspiel weckt versteckte Emotionen, die Farben bringen Ideen zum leuchten. Wir lassen uns inspirieren und konzentrieren unseren Blick auf neue Ziele. Ungeahntes wird erreichbar.\u00a0Darum haben wir uns zum Ziel gesetzt, durch die Verkn\u00fcpfung von [&hellip;]<\/p>\n","protected":false},"author":1,"featured_media":602,"parent":0,"menu_order":0,"comment_status":"closed","ping_status":"closed","template":"page-templates\/template-fullwidth.php","meta":{"footnotes":""},"class_list":["post-145","page","type-page","status-publish","has-post-thumbnail","hentry"],"jetpack_sharing_enabled":true,"_links":{"self":[{"href":"https:\/\/www.kletterwald-tegernsee.de\/index.php?rest_route=\/wp\/v2\/pages\/145","targetHints":{"allow":["GET"]}}],"collection":[{"href":"https:\/\/www.kletterwald-tegernsee.de\/index.php?rest_route=\/wp\/v2\/pages"}],"about":[{"href":"https:\/\/www.kletterwald-tegernsee.de\/index.php?rest_route=\/wp\/v2\/types\/page"}],"author":[{"embeddable":true,"href":"https:\/\/www.kletterwald-tegernsee.de\/index.php?rest_route=\/wp\/v2\/users\/1"}],"replies":[{"embeddable":true,"href":"https:\/\/www.kletterwald-tegernsee.de\/index.php?rest_route=%2Fwp%2Fv2%2Fcomments&post=145"}],"version-history":[{"count":20,"href":"https:\/\/www.kletterwald-tegernsee.de\/index.php?rest_route=\/wp\/v2\/pages\/145\/revisions"}],"predecessor-version":[{"id":747,"href":"https:\/\/www.kletterwald-tegernsee.de\/index.php?rest_route=\/wp\/v2\/pages\/145\/revisions\/747"}],"wp:featuredmedia":[{"embeddable":true,"href":"https:\/\/www.kletterwald-tegernsee.de\/index.php?rest_route=\/wp\/v2\/media\/602"}],"wp:attachment":[{"href":"https:\/\/www.kletterwald-tegernsee.de\/index.php?rest_route=%2Fwp%2Fv2%2Fmedia&parent=145"}],"curies":[{"name":"wp","href":"https:\/\/api.w.org\/{rel}","templated":true}]}}