{"id":146,"date":"2021-03-07T17:34:17","date_gmt":"2021-03-07T16:34:17","guid":{"rendered":"http:\/\/dev.kletterwald-tegernsee.de\/?page_id=146"},"modified":"2025-06-27T11:09:59","modified_gmt":"2025-06-27T09:09:59","slug":"oeffnungszeiten-preise","status":"publish","type":"page","link":"https:\/\/www.kletterwald-tegernsee.de\/?page_id=146","title":{"rendered":"\u00d6ffnungszeiten"},"content":{"rendered":"\n<div class=\"wp-block-themeisle-blocks-advanced-columns has-2-columns has-desktop-equal-layout has-tablet-equal-layout has-mobile-collapsedRows-layout has-default-gap has-vertical-unset\" id=\"wp-block-themeisle-blocks-advanced-columns-2c2e4bf3\"><div class=\"wp-block-themeisle-blocks-advanced-columns-overlay\"><\/div><div class=\"innerblocks-wrap\">\n\n<div class=\"wp-block-themeisle-blocks-advanced-column\" id=\"wp-block-themeisle-blocks-advanced-column-465f9643\">\n\n<p>Die Kletterwald-Saison geht von den Osterferien bis Mitte November (witterungsabh\u00e4ngig)<\/p>\n\n\n<p><strong>An Wochenenden, Feiertagen und in den bayerischen Ferien \u00f6ffnen wir t\u00e4glich von 10:00 Uhr bis 19:00 Uhr.<\/strong><\/p>\n\n\n<p>Au\u00dferhalb der bayerischen Ferien \u00f6ffnen wir unter der Woche:<\/p>\n\n\n<ul class=\"wp-block-list\"><li>mittwochs je 14 bis 19 Uhr<\/li><li>donnerstags je 14 bis 21 Uhr (bzw. bis zur D\u00e4mmerung)<\/li><li>freitags je 14 bis 19 Uhr<\/li><\/ul>\n\n\n<p class=\"has-text-align-center\">Die letzte Einweisung findet um 17:00 Uhr statt, Donnerstags um 19 Uhr.<\/p>\n\n<\/div>\n\n\n<div class=\"wp-block-themeisle-blocks-advanced-column\" id=\"wp-block-themeisle-blocks-advanced-column-58507d9e\">\n\n<figure class=\"wp-block-image size-large\"><img data-recalc-dims=\"1\" loading=\"lazy\" decoding=\"async\" width=\"200\" height=\"396\" src=\"https:\/\/i0.wp.com\/dev.kletterwald-tegernsee.de\/wp-content\/uploads\/2021\/03\/oeffnungszeiten_1.jpg?resize=200%2C396\" alt=\"\" class=\"wp-image-357\" srcset=\"https:\/\/i0.wp.com\/www.kletterwald-tegernsee.de\/wp-content\/uploads\/2021\/03\/oeffnungszeiten_1.jpg?w=200&amp;ssl=1 200w, https:\/\/i0.wp.com\/www.kletterwald-tegernsee.de\/wp-content\/uploads\/2021\/03\/oeffnungszeiten_1.jpg?resize=152%2C300&amp;ssl=1 152w\" sizes=\"auto, (max-width: 200px) 100vw, 200px\" \/><\/figure>\n\n<\/div>\n\n<\/div><\/div>\n\n\n\n<div style=\"margin: 3em 0 !important;\" class=\"fhCalendar\">\n<!-- FareHarbor calendar -->\n<script src=\"https:\/\/fareharbor.com\/embeds\/script\/calendar-small\/kletterwald-tegernsee\/?fallback=simple&#038;full-items=yes\"><\/script>\n<\/div>\n\n<!--\n<p align=\"center\"><iframe loading=\"lazy\" src=\"http:\/\/dev.kletterwald-tegernsee.de\/wp-content\/cal\/index.php\" allow=\"fullscreen\" width=\"520\" height=\"265\" frameborder=\"0\"><\/iframe><\/p>\n-->\n\n\n\n<p class=\"has-text-align-center\"><strong>Bei Gewitter und Sturm muss der Kletterwald aus Sicherheitsgr\u00fcnden geschlossen werden. Bei unklaren Witterungsbedingungen k\u00f6nnt Ihr Euch gerne telefonisch informieren (08022 187779).<\/strong><\/p>\n\n\n\n<p>Termine f\u00fcr Gruppen sind nach Vereinbarung auch au\u00dferhalb der \u00d6ffnungszeiten und der Kletterwaldsaison m\u00f6glich.<\/p>\n","protected":false},"excerpt":{"rendered":"<p>Bei Gewitter und Sturm muss der Kletterwald aus Sicherheitsgr\u00fcnden geschlossen werden. Bei unklaren Witterungsbedingungen k\u00f6nnt Ihr Euch gerne telefonisch informieren (08022 187779). Termine f\u00fcr Gruppen sind nach Vereinbarung auch au\u00dferhalb der \u00d6ffnungszeiten und der Kletterwaldsaison m\u00f6glich.<\/p>\n","protected":false},"author":1,"featured_media":353,"parent":0,"menu_order":0,"comment_status":"closed","ping_status":"closed","template":"page-templates\/template-fullwidth.php","meta":{"footnotes":""},"class_list":["post-146","page","type-page","status-publish","has-post-thumbnail","hentry"],"jetpack_sharing_enabled":true,"_links":{"self":[{"href":"https:\/\/www.kletterwald-tegernsee.de\/index.php?rest_route=\/wp\/v2\/pages\/146","targetHints":{"allow":["GET"]}}],"collection":[{"href":"https:\/\/www.kletterwald-tegernsee.de\/index.php?rest_route=\/wp\/v2\/pages"}],"about":[{"href":"https:\/\/www.kletterwald-tegernsee.de\/index.php?rest_route=\/wp\/v2\/types\/page"}],"author":[{"embeddable":true,"href":"https:\/\/www.kletterwald-tegernsee.de\/index.php?rest_route=\/wp\/v2\/users\/1"}],"replies":[{"embeddable":true,"href":"https:\/\/www.kletterwald-tegernsee.de\/index.php?rest_route=%2Fwp%2Fv2%2Fcomments&post=146"}],"version-history":[{"count":12,"href":"https:\/\/www.kletterwald-tegernsee.de\/index.php?rest_route=\/wp\/v2\/pages\/146\/revisions"}],"predecessor-version":[{"id":847,"href":"https:\/\/www.kletterwald-tegernsee.de\/index.php?rest_route=\/wp\/v2\/pages\/146\/revisions\/847"}],"wp:featuredmedia":[{"embeddable":true,"href":"https:\/\/www.kletterwald-tegernsee.de\/index.php?rest_route=\/wp\/v2\/media\/353"}],"wp:attachment":[{"href":"https:\/\/www.kletterwald-tegernsee.de\/index.php?rest_route=%2Fwp%2Fv2%2Fmedia&parent=146"}],"curies":[{"name":"wp","href":"https:\/\/api.w.org\/{rel}","templated":true}]}}