{"id":147,"date":"2021-03-07T17:34:17","date_gmt":"2021-03-07T16:34:17","guid":{"rendered":"http:\/\/dev.kletterwald-tegernsee.de\/?page_id=147"},"modified":"2021-07-24T22:44:50","modified_gmt":"2021-07-24T20:44:50","slug":"in-der-naehe","status":"publish","type":"page","link":"https:\/\/www.kletterwald-tegernsee.de\/?page_id=147","title":{"rendered":"In der N\u00e4he&#8230;"},"content":{"rendered":"\n<section class=\"wp-block-themeisle-blocks-advanced-columns alignfull has-3-columns has-desktop-equal-layout has-tablet-equal-layout has-mobile-collapsedRows-layout has-nogap-gap has-vertical-flex-start\" id=\"wp-block-themeisle-blocks-advanced-columns-546fa8db\"><div class=\"wp-block-themeisle-blocks-advanced-columns-overlay\"><\/div><div class=\"innerblocks-wrap\">\n<div class=\"wp-block-themeisle-blocks-advanced-column\" id=\"wp-block-themeisle-blocks-advanced-column-a03592cc\">\n<h2 class=\"has-text-align-left wp-block-heading\">Freizeitanlage Oedberg<\/h2>\n\n\n\n<p class=\"has-text-align-left\"><\/p>\n\n\n\n<div class=\"wp-block-buttons is-layout-flex wp-block-buttons-is-layout-flex\">\n<div class=\"wp-block-button is-style-primary\"><a class=\"wp-block-button__link\" href=\"https:\/\/oedberg.de\/startseite-sommer\/\" target=\"_blank\" rel=\"noreferrer noopener\">Zur Webseite<\/a><\/div>\n<\/div>\n<\/div>\n\n\n\n<div class=\"wp-block-themeisle-blocks-advanced-column\" id=\"wp-block-themeisle-blocks-advanced-column-5b750788\">\n<figure class=\"wp-block-image size-large is-resized\"><img data-recalc-dims=\"1\" loading=\"lazy\" decoding=\"async\" src=\"https:\/\/i0.wp.com\/dev.kletterwald-tegernsee.de\/wp-content\/uploads\/2021\/03\/rodelbahn.jpg?resize=143%2C143\" alt=\"\" class=\"wp-image-392\" width=\"143\" height=\"143\" srcset=\"https:\/\/i0.wp.com\/www.kletterwald-tegernsee.de\/wp-content\/uploads\/2021\/03\/rodelbahn.jpg?w=230&amp;ssl=1 230w, https:\/\/i0.wp.com\/www.kletterwald-tegernsee.de\/wp-content\/uploads\/2021\/03\/rodelbahn.jpg?resize=150%2C150&amp;ssl=1 150w\" sizes=\"auto, (max-width: 143px) 100vw, 143px\" \/><\/figure>\n\n\n\n<h4 class=\"has-text-align-left wp-block-heading\">Sommerrodelbahn<\/h4>\n\n\n\n<p class=\"has-text-align-left\">Der Oedberg-Flitzer ist ein Riesenspass f\u00fcr alt und jung<\/p>\n<\/div>\n\n\n\n<div class=\"wp-block-themeisle-blocks-advanced-column\" id=\"wp-block-themeisle-blocks-advanced-column-01d9b290\">\n<figure class=\"wp-block-image size-large is-resized\"><img data-recalc-dims=\"1\" loading=\"lazy\" decoding=\"async\" src=\"https:\/\/i0.wp.com\/dev.kletterwald-tegernsee.de\/wp-content\/uploads\/2021\/03\/oedbergalm.jpg?resize=140%2C140\" alt=\"\" class=\"wp-image-393\" width=\"140\" height=\"140\" srcset=\"https:\/\/i0.wp.com\/www.kletterwald-tegernsee.de\/wp-content\/uploads\/2021\/03\/oedbergalm.jpg?w=230&amp;ssl=1 230w, https:\/\/i0.wp.com\/www.kletterwald-tegernsee.de\/wp-content\/uploads\/2021\/03\/oedbergalm.jpg?resize=150%2C150&amp;ssl=1 150w\" sizes=\"auto, (max-width: 140px) 100vw, 140px\" \/><\/figure>\n\n\n\n<h4 class=\"has-text-align-left wp-block-heading\">Oedbergalm<\/h4>\n\n\n\n<p class=\"has-text-align-left\">Lasst Euch auf der Sonnenterrasse ein k\u00fchles Getr\u00e4nk schmecken und genie\u00dft die regionalen Schmankerl<\/p>\n<\/div>\n<\/div><\/section>\n\n\n\n<div class=\"wp-block-group alignwide\"><div class=\"wp-block-group__inner-container is-layout-flow wp-block-group-is-layout-flow\">\n<div class=\"wp-block-columns alignwide is-layout-flex wp-container-core-columns-is-layout-1 wp-block-columns-is-layout-flex\">\n<div class=\"wp-block-column is-layout-flow wp-block-column-is-layout-flow\">\n<div class=\"wp-block-image is-style-rounded\"><figure class=\"aligncenter size-large\"><img data-recalc-dims=\"1\" loading=\"lazy\" decoding=\"async\" width=\"320\" height=\"213\" src=\"https:\/\/i0.wp.com\/dev.kletterwald-tegernsee.de\/wp-content\/uploads\/2021\/06\/Blick-Neureuth.jpg?resize=320%2C213&#038;ssl=1\" alt=\"\" class=\"wp-image-635\" srcset=\"https:\/\/i0.wp.com\/www.kletterwald-tegernsee.de\/wp-content\/uploads\/2021\/06\/Blick-Neureuth.jpg?w=320&amp;ssl=1 320w, https:\/\/i0.wp.com\/www.kletterwald-tegernsee.de\/wp-content\/uploads\/2021\/06\/Blick-Neureuth.jpg?resize=300%2C200&amp;ssl=1 300w\" sizes=\"auto, (max-width: 320px) 100vw, 320px\" \/><\/figure><\/div>\n\n\n\n<p>Der Kletterwald ist ein idealer Startpunkt, um die Neureuth, eines der beliebtesten Wanderziele am Tegernsee, abseits der Massen zu erklimmen. Steil durch den Reitberggraben oder etwas gem\u00fctlicher um den Oederkogel herum, unsere Trainer kennen alle Wege. <\/p>\n\n\n\n\n\n<div class=\"wp-block-buttons is-content-justification-center is-layout-flex wp-block-buttons-is-layout-flex\">\n<div class=\"wp-block-button is-style-outline is-style-outline--1\"><a class=\"wp-block-button__link has-accent-color has-text-color\" href=\"https:\/\/www.neureuth.com\/\" style=\"border-radius:50px\" target=\"_blank\" rel=\"noreferrer noopener\">Berggasthaus Neureuth<\/a><\/div>\n<\/div>\n<\/div>\n\n\n\n<div class=\"wp-block-column is-layout-flow wp-block-column-is-layout-flow\">\n<div class=\"wp-block-image is-style-rounded\"><figure class=\"aligncenter size-large\"><img data-recalc-dims=\"1\" loading=\"lazy\" decoding=\"async\" width=\"191\" height=\"191\" src=\"https:\/\/i0.wp.com\/dev.kletterwald-tegernsee.de\/wp-content\/uploads\/2021\/06\/pippilotta.jpg?resize=191%2C191&#038;ssl=1\" alt=\"\" class=\"wp-image-643\" srcset=\"https:\/\/i0.wp.com\/www.kletterwald-tegernsee.de\/wp-content\/uploads\/2021\/06\/pippilotta.jpg?w=191&amp;ssl=1 191w, https:\/\/i0.wp.com\/www.kletterwald-tegernsee.de\/wp-content\/uploads\/2021\/06\/pippilotta.jpg?resize=150%2C150&amp;ssl=1 150w\" sizes=\"auto, (max-width: 191px) 100vw, 191px\" \/><\/figure><\/div>\n\n\n\n<p class=\"has-text-align-left\">Wie w\u00e4re es nach dem Klettern mit einer Runde Ponyreiten? Gar nicht weit von uns gibt es einen tollen Ponyhof. <\/p>\n\n\n\n<p>Auch f\u00fcr Kindergeburtstage sind die Ponys eine tolle Erg\u00e4nzung zum Kletterwald.<\/p>\n\n\n\n<p>Weitere Informationen am Besten telefonisch unter 08022 96590<\/p>\n\n\n\n<div class=\"wp-block-buttons is-layout-flex wp-block-buttons-is-layout-flex\"><\/div>\n<\/div>\n\n\n\n<div class=\"wp-block-column is-layout-flow wp-block-column-is-layout-flow\">\n<div class=\"wp-block-image\"><figure class=\"aligncenter size-large is-resized\"><img data-recalc-dims=\"1\" loading=\"lazy\" decoding=\"async\" src=\"https:\/\/i0.wp.com\/dev.kletterwald-tegernsee.de\/wp-content\/uploads\/2021\/06\/ATS.png?resize=200%2C200&#038;ssl=1\" alt=\"\" class=\"wp-image-644\" width=\"200\" height=\"200\" srcset=\"https:\/\/i0.wp.com\/www.kletterwald-tegernsee.de\/wp-content\/uploads\/2021\/06\/ATS.png?w=501&amp;ssl=1 501w, https:\/\/i0.wp.com\/www.kletterwald-tegernsee.de\/wp-content\/uploads\/2021\/06\/ATS.png?resize=300%2C300&amp;ssl=1 300w, https:\/\/i0.wp.com\/www.kletterwald-tegernsee.de\/wp-content\/uploads\/2021\/06\/ATS.png?resize=150%2C150&amp;ssl=1 150w\" sizes=\"auto, (max-width: 200px) 100vw, 200px\" \/><\/figure><\/div>\n\n\n\n<p>Unser Kletterwald liegt inmitten der Alpenregion Tegernsee Schliersee. Hier finden Sie Informationen \u00fcber die gesamte Region und auch aktuellste Informationen<\/p>\n\n\n\n<div class=\"wp-block-buttons is-layout-flex wp-block-buttons-is-layout-flex\">\n<div class=\"wp-block-button is-style-outline is-style-outline--2\"><a class=\"wp-block-button__link has-accent-color has-text-color\" href=\"https:\/\/www.tegernsee-schliersee.de\" style=\"border-radius:50px\" target=\"_blank\" rel=\"noreferrer noopener\">Zur Webseite<\/a><\/div>\n<\/div>\n<\/div>\n<\/div>\n<\/div><\/div>\n","protected":false},"excerpt":{"rendered":"<p>Der Kletterwald ist ein idealer Startpunkt, um die Neureuth, eines der beliebtesten Wanderziele am Tegernsee, abseits der Massen zu erklimmen. Steil durch den Reitberggraben oder etwas gem\u00fctlicher um den Oederkogel herum, unsere Trainer kennen alle Wege. Wie w\u00e4re es nach dem Klettern mit einer Runde Ponyreiten? Gar nicht weit von [&hellip;]<\/p>\n","protected":false},"author":1,"featured_media":353,"parent":0,"menu_order":0,"comment_status":"closed","ping_status":"closed","template":"","meta":{"footnotes":""},"class_list":["post-147","page","type-page","status-publish","has-post-thumbnail","hentry"],"jetpack_sharing_enabled":true,"_links":{"self":[{"href":"https:\/\/www.kletterwald-tegernsee.de\/index.php?rest_route=\/wp\/v2\/pages\/147","targetHints":{"allow":["GET"]}}],"collection":[{"href":"https:\/\/www.kletterwald-tegernsee.de\/index.php?rest_route=\/wp\/v2\/pages"}],"about":[{"href":"https:\/\/www.kletterwald-tegernsee.de\/index.php?rest_route=\/wp\/v2\/types\/page"}],"author":[{"embeddable":true,"href":"https:\/\/www.kletterwald-tegernsee.de\/index.php?rest_route=\/wp\/v2\/users\/1"}],"replies":[{"embeddable":true,"href":"https:\/\/www.kletterwald-tegernsee.de\/index.php?rest_route=%2Fwp%2Fv2%2Fcomments&post=147"}],"version-history":[{"count":18,"href":"https:\/\/www.kletterwald-tegernsee.de\/index.php?rest_route=\/wp\/v2\/pages\/147\/revisions"}],"predecessor-version":[{"id":762,"href":"https:\/\/www.kletterwald-tegernsee.de\/index.php?rest_route=\/wp\/v2\/pages\/147\/revisions\/762"}],"wp:featuredmedia":[{"embeddable":true,"href":"https:\/\/www.kletterwald-tegernsee.de\/index.php?rest_route=\/wp\/v2\/media\/353"}],"wp:attachment":[{"href":"https:\/\/www.kletterwald-tegernsee.de\/index.php?rest_route=%2Fwp%2Fv2%2Fmedia&parent=147"}],"curies":[{"name":"wp","href":"https:\/\/api.w.org\/{rel}","templated":true}]}}