{"id":238,"date":"2021-03-28T21:57:16","date_gmt":"2021-03-28T19:57:16","guid":{"rendered":"http:\/\/dev.kletterwald-tegernsee.de\/?page_id=238"},"modified":"2021-03-28T22:04:16","modified_gmt":"2021-03-28T20:04:16","slug":"anfahrt","status":"publish","type":"page","link":"https:\/\/www.kletterwald-tegernsee.de\/?page_id=238","title":{"rendered":"Anfahrt"},"content":{"rendered":"\n<div class=\"wp-block-themeisle-blocks-advanced-columns alignfull has-2-columns has-desktop-equal-layout has-tablet-equal-layout has-mobile-collapsedRows-layout has-default-gap has-vertical-unset\" id=\"wp-block-themeisle-blocks-advanced-columns-f828386f\"><div class=\"wp-block-themeisle-blocks-advanced-columns-overlay\"><\/div><div class=\"innerblocks-wrap\">\n<div class=\"wp-block-themeisle-blocks-advanced-column\" id=\"wp-block-themeisle-blocks-advanced-column-465e3411\"><div id=\"wpgmza_map\" class=\"wpgmza_map\" data-settings='{\"id\":\"1\",\"map_title\":\"Kletterwald\",\"map_width\":\"100\",\"map_height\":\"400\",\"map_start_lat\":\"47.743752757618566\",\"map_start_lng\":\"11.77355299328819\",\"map_start_location\":\"45.950464398418106,-109.81550500000003\",\"map_start_zoom\":\"12\",\"default_marker\":\"\",\"type\":\"1\",\"alignment\":\"4\",\"directions_enabled\":\"0\",\"styling_enabled\":\"0\",\"styling_json\":\"\",\"active\":\"0\",\"kml\":\"\",\"bicycle\":\"0\",\"traffic\":\"0\",\"dbox\":\"0\",\"dbox_width\":\"\",\"listmarkers\":\"0\",\"listmarkers_advanced\":\"0\",\"filterbycat\":\"0\",\"ugm_enabled\":\"0\",\"ugm_category_enabled\":\"0\",\"fusion\":\"\",\"map_width_type\":\"%\",\"map_height_type\":\"px\",\"mass_marker_support\":\"0\",\"ugm_access\":\"0\",\"order_markers_by\":\"0\",\"order_markers_choice\":\"0\",\"show_user_location\":\"0\",\"default_to\":\"\",\"other_settings\":{\"map_type\":1,\"sl_stroke_color\":\"\",\"sl_fill_color\":\"\",\"sl_stroke_opacity\":\"\",\"sl_fill_opacity\":\"\",\"transport_layer\":false,\"action\":\"wpgmza_save_map\",\"redirect_to\":\"\\\/wp-admin\\\/admin-post.php\",\"map_id\":\"1\",\"http_referer\":\"\\\/wp-admin\\\/admin.php?page=wp-google-maps-menu&amp;action=edit&amp;map_id=1\",\"wpgmza_id\":\"1\",\"wpgmza_start_location\":\"47.743752757618566,11.77355299328819\",\"wpgmza_start_zoom\":\"12\",\"wpgmza_theme_data\":\"\",\"store_locator_enabled\":false,\"store_locator_search_area\":\"radial\",\"wpgmza_store_locator_radius_style\":\"legacy\",\"wpgmza_store_locator_default_radius\":\"10\",\"store_locator_auto_area_max_zoom\":\"\",\"store_locator_distance\":false,\"wpgmza_store_locator_position\":false,\"store_locator_show_distance\":false,\"store_locator_category\":false,\"wpgmza_store_locator_use_their_location\":false,\"wpgmza_store_locator_bounce\":false,\"wpgmza_sl_animation\":null,\"wpgmza_store_locator_hide_before_search\":false,\"store_locator_query_string\":\"\",\"store_locator_default_address\":\"\",\"store_locator_name_search\":false,\"store_locator_name_string\":\"\",\"store_locator_not_found_message\":\"\",\"wpgmza_map_align\":\"1\",\"jump_to_nearest_marker_on_initialization\":false,\"automatically_pan_to_users_location\":false,\"override_users_location_zoom_level\":false,\"override_users_location_zoom_levels\":\"\",\"show_distance_from_location\":false,\"map_max_zoom\":\"21\",\"map_min_zoom\":\"0\",\"click_open_link\":false,\"fit_maps_bounds_to_markers\":false,\"fit_maps_bounds_to_markers_after_filtering\":false,\"hide_point_of_interest\":false,\"wpgmza_zoom_on_marker_click\":false,\"wpgmza_zoom_on_marker_click_slider\":\"\",\"close_infowindow_on_map_click\":false,\"disable_lightbox_images\":false,\"use_Raw_Jpeg_Coordinates\":false,\"polygon_labels\":false,\"disable_polygon_info_windows\":false,\"enable_marker_ratings\":false,\"only_load_markers_within_viewport\":false,\"iw_primary_color\":\"\",\"iw_accent_color\":\"\",\"iw_text_color\":\"\",\"wpgmza_listmarkers_by\":\"0\",\"wpgmza_marker_listing_position\":false,\"wpgmza_push_in_map\":false,\"wpgmza_push_in_map_placement\":null,\"wpgmza_push_in_map_width\":\"\",\"wpgmza_push_in_map_height\":\"\",\"datatable_no_result_message\":\"\",\"remove_search_box_datables\":false,\"dataTable_pagination_style\":null,\"datatable_search_string\":\"\",\"datatable_result_start\":\"\",\"datatable_result_of\":\"\",\"datatable_result_to\":\"\",\"datatable_result_total\":\"\",\"datatable_result_show\":\"\",\"datatable_result_entries\":\"\",\"wpgmza_savemap\":\"Karte speichern \\u00bb\"}}' data-map-id='1' Data-maps-engine='google-maps' data-shortcode-attributes='{\"id\":\"1\",\"openpopupid\":\"\"}' style=\"display:block; overflow:auto; width:100%; height:400px; float:left;\"><\/div><\/div>\n\n\n\n<div class=\"wp-block-themeisle-blocks-advanced-column\" id=\"wp-block-themeisle-blocks-advanced-column-9e047816\">\n<h2 id=\"wp-block-themeisle-blocks-advanced-heading-d5cffdc8\" class=\"wp-block-themeisle-blocks-advanced-heading wp-block-themeisle-blocks-advanced-heading-d5cffdc8\">Anfahrt mit dem Auto&#8230;<\/h2>\n\n\n\n<p>Unser Kletterwald liegt im Bergwald am Oedberg, gleich neben der Sommerrodelbahn und wenige Schritte vom Tegernsee entfernt. Die Autobahn A8 M\u00fcnchen &#8211; Salzburg verlassen Sie in Holzkirchen und fahren bis Gmund am Tegernsee. Dort der Beschilderung nach Ostin &amp; Hausham folgen. Hinter Ostin ist der Abzweig zu den Oedberg-Liften ausgeschildert.<\/p>\n\n\n\n<hr class=\"wp-block-separator\"\/>\n<\/div>\n<\/div><\/div>\n\n\n\n<h2 class=\"wp-block-heading\">&#8230;oder mit \u00f6ffentlichen Verkehrsmitteln.<\/h2>\n\n\n\n<p>Ab M\u00fcnchen f\u00e4hrt die Bayerische Oberlandbahn st\u00fcndlich nach Gmund (Richtung Tegernsee). Ab Bahnhof Gmund bringen Sie die RVO Busse 9555 und 9558 bis direkt vor unsere Haust\u00fcr. Die aktuellen Fahrpl\u00e4ne finden Sie hier:<\/p>\n\n\n\n<p><a href=\"http:\/\/www.bayerischeoberlandbahn.de\">Bayerische Oberlandbahn<\/a><\/p>\n\n\n\n<p><a href=\"http:\/\/www.rvo-bus.de\">RVO Regionalverkehr Oberbayern<\/a><\/p>\n","protected":false},"excerpt":{"rendered":"<p>&#8230;oder mit \u00f6ffentlichen Verkehrsmitteln. Ab M\u00fcnchen f\u00e4hrt die Bayerische Oberlandbahn st\u00fcndlich nach Gmund (Richtung Tegernsee). Ab Bahnhof Gmund bringen Sie die RVO Busse 9555 und 9558 bis direkt vor unsere Haust\u00fcr. Die aktuellen Fahrpl\u00e4ne finden Sie hier: Bayerische Oberlandbahn RVO Regionalverkehr Oberbayern<\/p>\n","protected":false},"author":1,"featured_media":245,"parent":0,"menu_order":0,"comment_status":"closed","ping_status":"closed","template":"","meta":{"footnotes":""},"class_list":["post-238","page","type-page","status-publish","has-post-thumbnail","hentry"],"jetpack_sharing_enabled":true,"_links":{"self":[{"href":"https:\/\/www.kletterwald-tegernsee.de\/index.php?rest_route=\/wp\/v2\/pages\/238","targetHints":{"allow":["GET"]}}],"collection":[{"href":"https:\/\/www.kletterwald-tegernsee.de\/index.php?rest_route=\/wp\/v2\/pages"}],"about":[{"href":"https:\/\/www.kletterwald-tegernsee.de\/index.php?rest_route=\/wp\/v2\/types\/page"}],"author":[{"embeddable":true,"href":"https:\/\/www.kletterwald-tegernsee.de\/index.php?rest_route=\/wp\/v2\/users\/1"}],"replies":[{"embeddable":true,"href":"https:\/\/www.kletterwald-tegernsee.de\/index.php?rest_route=%2Fwp%2Fv2%2Fcomments&post=238"}],"version-history":[{"count":4,"href":"https:\/\/www.kletterwald-tegernsee.de\/index.php?rest_route=\/wp\/v2\/pages\/238\/revisions"}],"predecessor-version":[{"id":243,"href":"https:\/\/www.kletterwald-tegernsee.de\/index.php?rest_route=\/wp\/v2\/pages\/238\/revisions\/243"}],"wp:featuredmedia":[{"embeddable":true,"href":"https:\/\/www.kletterwald-tegernsee.de\/index.php?rest_route=\/wp\/v2\/media\/245"}],"wp:attachment":[{"href":"https:\/\/www.kletterwald-tegernsee.de\/index.php?rest_route=%2Fwp%2Fv2%2Fmedia&parent=238"}],"curies":[{"name":"wp","href":"https:\/\/api.w.org\/{rel}","templated":true}]}}