{"id":327,"date":"2021-03-29T13:56:47","date_gmt":"2021-03-29T11:56:47","guid":{"rendered":"http:\/\/dev.kletterwald-tegernsee.de\/?page_id=327"},"modified":"2024-08-13T12:16:26","modified_gmt":"2024-08-13T10:16:26","slug":"parcours","status":"publish","type":"page","link":"https:\/\/www.kletterwald-tegernsee.de\/?page_id=327","title":{"rendered":"Parcours"},"content":{"rendered":"\n<div class=\"wp-block-columns is-layout-flex wp-container-core-columns-is-layout-1 wp-block-columns-is-layout-flex\">\n<div class=\"wp-block-column is-layout-flow wp-block-column-is-layout-flow\">\n<h3 class=\"wp-block-heading has-text-align-center\">Geckosteg<\/h3>\n\n\n<div class=\"wp-block-image\">\n<figure class=\"aligncenter size-full\"><img data-recalc-dims=\"1\" loading=\"lazy\" decoding=\"async\" width=\"200\" height=\"133\" src=\"https:\/\/i0.wp.com\/www.kletterwald-tegernsee.de\/wp-content\/uploads\/2020\/06\/parcours_3.jpg?resize=200%2C133&#038;ssl=1\" alt=\"\" class=\"wp-image-112\"\/><figcaption class=\"wp-element-caption\"><em><strong>Level: Einfach<\/strong><\/em><\/figcaption><\/figure><\/div>\n\n\n<p class=\"has-text-align-center\">Ein pures Vergn\u00fcgen, ideal zum Aufw\u00e4rmen und Ausprobieren<\/p>\n<\/div>\n\n\n\n<div class=\"wp-block-column is-layout-flow wp-block-column-is-layout-flow\">\n<h3 class=\"wp-block-heading has-text-align-center\">Bieberdamm<\/h3>\n\n\n<div class=\"wp-block-image\">\n<figure class=\"aligncenter size-full\"><img data-recalc-dims=\"1\" loading=\"lazy\" decoding=\"async\" width=\"200\" height=\"133\" src=\"https:\/\/i0.wp.com\/www.kletterwald-tegernsee.de\/wp-content\/uploads\/2020\/06\/parcours_4.jpg?resize=200%2C133&#038;ssl=1\" alt=\"\" class=\"wp-image-113\"\/><figcaption class=\"wp-element-caption\"><em><strong>Level: Auch einfach<\/strong><\/em><\/figcaption><\/figure><\/div>\n\n\n<p class=\"has-text-align-center\">Schon etwas schwerer als Geckosteg, aber immer noch gut zu schaffen!<\/p>\n<\/div>\n\n\n\n<div class=\"wp-block-column is-layout-flow wp-block-column-is-layout-flow\">\n<h3 class=\"wp-block-heading has-text-align-center\">Wolfspfad<\/h3>\n\n\n<div class=\"wp-block-image\">\n<figure class=\"aligncenter size-full\"><img data-recalc-dims=\"1\" loading=\"lazy\" decoding=\"async\" width=\"200\" height=\"133\" src=\"https:\/\/i0.wp.com\/www.kletterwald-tegernsee.de\/wp-content\/uploads\/2020\/06\/parcours_5.jpg?resize=200%2C133&#038;ssl=1\" alt=\"\" class=\"wp-image-114\"\/><figcaption class=\"wp-element-caption\"><strong><em>Level: Mittelschwer<\/em><\/strong><\/figcaption><\/figure><\/div>\n\n\n<p class=\"has-text-align-center\">Braucht etwas Kondition und schwindelfrei sollte man auch sein. Belohnung: 130m Flying Fox!<\/p>\n<\/div>\n<\/div>\n\n\n\n<div class=\"wp-block-columns is-layout-flex wp-container-core-columns-is-layout-2 wp-block-columns-is-layout-flex\">\n<div class=\"wp-block-column is-layout-flow wp-block-column-is-layout-flow\">\n<h3 class=\"wp-block-heading has-text-align-center\">Eulennest<\/h3>\n\n\n<div class=\"wp-block-image\">\n<figure class=\"aligncenter size-full\"><img data-recalc-dims=\"1\" loading=\"lazy\" decoding=\"async\" width=\"200\" height=\"133\" src=\"https:\/\/i0.wp.com\/www.kletterwald-tegernsee.de\/wp-content\/uploads\/2020\/06\/parcours_7.jpg?resize=200%2C133&#038;ssl=1\" alt=\"\" class=\"wp-image-116\"\/><figcaption class=\"wp-element-caption\"><em><strong>Level: Schwer<\/strong><\/em><\/figcaption><\/figure><\/div>\n\n\n<p class=\"has-text-align-center\">Hier geht es an ein paar Hindernissen schon mehr zur Sache. Traut Euch ruhig!<\/p>\n<\/div>\n\n\n\n<div class=\"wp-block-column is-layout-flow wp-block-column-is-layout-flow\">\n<h3 class=\"wp-block-heading has-text-align-center\">Spinnennetz<\/h3>\n\n\n<div class=\"wp-block-image\">\n<figure class=\"aligncenter size-full\"><img data-recalc-dims=\"1\" loading=\"lazy\" decoding=\"async\" width=\"222\" height=\"147\" src=\"https:\/\/i0.wp.com\/www.kletterwald-tegernsee.de\/wp-content\/uploads\/2021\/05\/image018.jpg?resize=222%2C147&#038;ssl=1\" alt=\"\" class=\"wp-image-613\"\/><figcaption class=\"wp-element-caption\"><em><strong>Level: Sehr schwer<\/strong><\/em><\/figcaption><\/figure><\/div>\n\n\n<p class=\"has-text-align-center\">Ist er zu schwer bist Du zu schwach. Unser schwerster Parcour!<\/p>\n<\/div>\n<\/div>\n\n\n\n<div class=\"wp-block-columns is-layout-flex wp-container-core-columns-is-layout-3 wp-block-columns-is-layout-flex\">\n<div class=\"wp-block-column is-layout-flow wp-block-column-is-layout-flow\">\n<h3 class=\"wp-block-heading has-text-align-center\">Fuchsbau<\/h3>\n\n\n<div class=\"wp-block-image\">\n<figure class=\"aligncenter size-full\"><img data-recalc-dims=\"1\" loading=\"lazy\" decoding=\"async\" width=\"200\" height=\"133\" src=\"https:\/\/i0.wp.com\/www.kletterwald-tegernsee.de\/wp-content\/uploads\/2020\/06\/parcours_1.jpg?resize=200%2C133&#038;ssl=1\" alt=\"\" class=\"wp-image-110\"\/><figcaption class=\"wp-element-caption\">Hier klettern ab 4 Jahre und die Erwachsenen k\u00f6nnen vom Boden aus helfen wenn n\u00f6tig.<\/figcaption><\/figure><\/div><\/div>\n\n\n\n<div class=\"wp-block-column is-layout-flow wp-block-column-is-layout-flow\">\n<h3 class=\"wp-block-heading has-text-align-center\">B\u00e4renh\u00f6hle<\/h3>\n\n\n<div class=\"wp-block-image\">\n<figure class=\"aligncenter size-full\"><img data-recalc-dims=\"1\" loading=\"lazy\" decoding=\"async\" width=\"200\" height=\"133\" src=\"https:\/\/i0.wp.com\/www.kletterwald-tegernsee.de\/wp-content\/uploads\/2021\/03\/baerenhoehle.jpg?resize=200%2C133&#038;ssl=1\" alt=\"\" class=\"wp-image-344\"\/><figcaption class=\"wp-element-caption\">Unser zweiter Kinderparcour, ebenfalls ab 4 Jahre<\/figcaption><\/figure><\/div><\/div>\n\n\n\n<div class=\"wp-block-column is-layout-flow wp-block-column-is-layout-flow\">\n<h3 class=\"wp-block-heading has-text-align-center\">\u00dcbungsparcour<\/h3>\n\n\n<div class=\"wp-block-image\">\n<figure class=\"aligncenter size-full\"><img data-recalc-dims=\"1\" loading=\"lazy\" decoding=\"async\" width=\"200\" height=\"133\" src=\"https:\/\/i0.wp.com\/www.kletterwald-tegernsee.de\/wp-content\/uploads\/2021\/03\/uebungsparcour.jpg?resize=200%2C133&#038;ssl=1\" alt=\"\" class=\"wp-image-345\"\/><figcaption class=\"wp-element-caption\">Wir haben zwei Parcours f\u00fcr unsere Einweisungen und um dem Umgang mit den Ger\u00e4ten zu \u00fcben. Klein aber fein\u2026<\/figcaption><\/figure><\/div><\/div>\n<\/div>\n\n\n\n<p>Im Kinderparcour klettern Kinder ab 4 Jahre mit besonders einfach zu bedienenden Karabinern. Die gro\u00dfen Parcours d\u00fcrfen Kinder ab 8 Jahre in Begleitung eines Erwachsenen klettern, ab 12 Jahre frei (Spinnennetz generell erst ab 12 Jahre).<\/p>\n\n\n\n<figure class=\"wp-block-embed aligncenter is-type-video is-provider-youtube wp-block-embed-youtube wp-embed-aspect-16-9 wp-has-aspect-ratio\"><div class=\"wp-block-embed__wrapper\">\n<iframe loading=\"lazy\" title=\"Klettern, Trainieren &amp; Weiterentwickeln am Tegernsee: Kletterwald Tegernsee | Aktiv-Events-Tegernsee\" width=\"750\" height=\"422\" src=\"https:\/\/www.youtube.com\/embed\/rsT-A6xa-W8?feature=oembed\" frameborder=\"0\" allow=\"accelerometer; autoplay; clipboard-write; encrypted-media; gyroscope; picture-in-picture; web-share\" referrerpolicy=\"strict-origin-when-cross-origin\" allowfullscreen><\/iframe>\n<\/div><\/figure>\n","protected":false},"excerpt":{"rendered":"<p>Geckosteg Ein pures Vergn\u00fcgen, ideal zum Aufw\u00e4rmen und Ausprobieren Bieberdamm Schon etwas schwerer als Geckosteg, aber immer noch gut zu schaffen! Wolfspfad Braucht etwas Kondition und schwindelfrei sollte man auch sein. Belohnung: 130m Flying Fox! Eulennest Hier geht es an ein paar Hindernissen schon mehr zur Sache. Traut Euch ruhig! [&hellip;]<\/p>\n","protected":false},"author":1,"featured_media":334,"parent":0,"menu_order":0,"comment_status":"closed","ping_status":"closed","template":"page-templates\/template-fullwidth.php","meta":{"footnotes":""},"class_list":["post-327","page","type-page","status-publish","has-post-thumbnail","hentry"],"jetpack_sharing_enabled":true,"_links":{"self":[{"href":"https:\/\/www.kletterwald-tegernsee.de\/index.php?rest_route=\/wp\/v2\/pages\/327","targetHints":{"allow":["GET"]}}],"collection":[{"href":"https:\/\/www.kletterwald-tegernsee.de\/index.php?rest_route=\/wp\/v2\/pages"}],"about":[{"href":"https:\/\/www.kletterwald-tegernsee.de\/index.php?rest_route=\/wp\/v2\/types\/page"}],"author":[{"embeddable":true,"href":"https:\/\/www.kletterwald-tegernsee.de\/index.php?rest_route=\/wp\/v2\/users\/1"}],"replies":[{"embeddable":true,"href":"https:\/\/www.kletterwald-tegernsee.de\/index.php?rest_route=%2Fwp%2Fv2%2Fcomments&post=327"}],"version-history":[{"count":11,"href":"https:\/\/www.kletterwald-tegernsee.de\/index.php?rest_route=\/wp\/v2\/pages\/327\/revisions"}],"predecessor-version":[{"id":834,"href":"https:\/\/www.kletterwald-tegernsee.de\/index.php?rest_route=\/wp\/v2\/pages\/327\/revisions\/834"}],"wp:featuredmedia":[{"embeddable":true,"href":"https:\/\/www.kletterwald-tegernsee.de\/index.php?rest_route=\/wp\/v2\/media\/334"}],"wp:attachment":[{"href":"https:\/\/www.kletterwald-tegernsee.de\/index.php?rest_route=%2Fwp%2Fv2%2Fmedia&parent=327"}],"curies":[{"name":"wp","href":"https:\/\/api.w.org\/{rel}","templated":true}]}}