{"id":347,"date":"2021-03-29T14:57:54","date_gmt":"2021-03-29T12:57:54","guid":{"rendered":"http:\/\/dev.kletterwald-tegernsee.de\/?page_id=347"},"modified":"2021-05-21T21:01:32","modified_gmt":"2021-05-21T19:01:32","slug":"ausruestung-und-sicherheit","status":"publish","type":"page","link":"https:\/\/www.kletterwald-tegernsee.de\/?page_id=347","title":{"rendered":"Ausr\u00fcstung und Sicherheit"},"content":{"rendered":"\n<div class=\"wp-block-themeisle-blocks-advanced-columns has-1-columns has-desktop-equal-layout has-tablet-equal-layout has-mobile-equal-layout has-default-gap has-vertical-unset\" id=\"wp-block-themeisle-blocks-advanced-columns-750496ba\"><div class=\"wp-block-themeisle-blocks-advanced-columns-overlay\"><\/div><div class=\"innerblocks-wrap\">\n<div class=\"wp-block-themeisle-blocks-advanced-column\" id=\"wp-block-themeisle-blocks-advanced-column-caa66272\">\n<h4 class=\"wp-block-heading\">Das Sicherungssystem:<\/h4>\n\n\n\n<p>Bei uns klettert ihr mit einem Komplettgurt f\u00fcr Hochseilg\u00e4rten, f\u00fcr die Kinderparcours mit 2 leicht zu bedienenden Sicherungskarabinern und in den gro\u00dfen Parcours mit dem neuen Sicherungssystem der Firma Bornack (damit ist auch ein versehentliches Entsichern nicht mehr m\u00f6glich) sowie einer Seilrolle an einem separaten Seil. In der Sicherheitseinweisung werdet ihr in die Handhabung eingef\u00fchrt.<\/p>\n\n\n\n<h4 class=\"wp-block-heading\">Zus\u00e4tzliche Schutzausr\u00fcstung:<\/h4>\n\n\n\n<p>Neben dem Klettergurt und dem Sicherungssystem geh\u00f6ren Kletterhandschuhe zur Leihausr\u00fcstung. Auf das Tragen eines Helmes wird bei uns verzichtet. Wer gerne eigene Handschuhe und\/oder einen eigenen Helm tragen m\u00f6chte, kann dies nat\u00fcrlich gerne tun.<\/p>\n\n\n\n<h4 class=\"wp-block-heading\">Allgemeine Empfehlungen:<\/h4>\n\n\n\n<p>Wir raten Ihnen zu festen Schuhen, einer strapazierbaren aber bequemen Hose und einem schulterbedeckenden Oberteil. Schmuck, lose Geldbeutel und Mobiltelefone kann man beim Klettern leicht verlieren und sollten daher lieber im Auto, bei nicht kletternden Begleitpersonen oder gleich zu Hause bleiben. Den Autoschl\u00fcssel bitte verlustsicher verstauen. Sie k\u00f6nnen ihn auch gerne bei uns deponieren.<\/p>\n\n\n\n<blockquote class=\"wp-block-quote is-layout-flow wp-block-quote-is-layout-flow\"><p>Ganz wichtig: Haargummi mitbringen, lange Haare m\u00fcssen unbedingt zusammengebunden werden!<\/p><\/blockquote>\n<\/div>\n<\/div><\/div>\n\n\n\n<p>Jugendliche und Kinder, die nicht mit den eigenen Eltern zum Klettern kommen, ben\u00f6tigen eine <a href=\"http:\/\/dev.kletterwald-tegernsee.de\/?page_id=351\" data-type=\"page\" data-id=\"351\">Einverst\u00e4ndniserkl\u00e4rung ihrer Eltern<\/a>. Diese kann vor Ort unterzeichnet werden oder ihr druckt sie aus und bringt sie bereits unterschrieben mit.<\/p>\n","protected":false},"excerpt":{"rendered":"<p>Jugendliche und Kinder, die nicht mit den eigenen Eltern zum Klettern kommen, ben\u00f6tigen eine Einverst\u00e4ndniserkl\u00e4rung ihrer Eltern. Diese kann vor Ort unterzeichnet werden oder ihr druckt sie aus und bringt sie bereits unterschrieben mit.<\/p>\n","protected":false},"author":1,"featured_media":348,"parent":0,"menu_order":0,"comment_status":"closed","ping_status":"closed","template":"page-templates\/template-fullwidth.php","meta":{"footnotes":""},"class_list":["post-347","page","type-page","status-publish","has-post-thumbnail","hentry"],"jetpack_sharing_enabled":true,"_links":{"self":[{"href":"https:\/\/www.kletterwald-tegernsee.de\/index.php?rest_route=\/wp\/v2\/pages\/347","targetHints":{"allow":["GET"]}}],"collection":[{"href":"https:\/\/www.kletterwald-tegernsee.de\/index.php?rest_route=\/wp\/v2\/pages"}],"about":[{"href":"https:\/\/www.kletterwald-tegernsee.de\/index.php?rest_route=\/wp\/v2\/types\/page"}],"author":[{"embeddable":true,"href":"https:\/\/www.kletterwald-tegernsee.de\/index.php?rest_route=\/wp\/v2\/users\/1"}],"replies":[{"embeddable":true,"href":"https:\/\/www.kletterwald-tegernsee.de\/index.php?rest_route=%2Fwp%2Fv2%2Fcomments&post=347"}],"version-history":[{"count":2,"href":"https:\/\/www.kletterwald-tegernsee.de\/index.php?rest_route=\/wp\/v2\/pages\/347\/revisions"}],"predecessor-version":[{"id":546,"href":"https:\/\/www.kletterwald-tegernsee.de\/index.php?rest_route=\/wp\/v2\/pages\/347\/revisions\/546"}],"wp:featuredmedia":[{"embeddable":true,"href":"https:\/\/www.kletterwald-tegernsee.de\/index.php?rest_route=\/wp\/v2\/media\/348"}],"wp:attachment":[{"href":"https:\/\/www.kletterwald-tegernsee.de\/index.php?rest_route=%2Fwp%2Fv2%2Fmedia&parent=347"}],"curies":[{"name":"wp","href":"https:\/\/api.w.org\/{rel}","templated":true}]}}