{"id":366,"date":"2021-03-29T15:26:25","date_gmt":"2021-03-29T13:26:25","guid":{"rendered":"http:\/\/dev.kletterwald-tegernsee.de\/?page_id=366"},"modified":"2025-08-18T09:14:23","modified_gmt":"2025-08-18T07:14:23","slug":"preise","status":"publish","type":"page","link":"https:\/\/www.kletterwald-tegernsee.de\/?page_id=366","title":{"rendered":"Preise"},"content":{"rendered":"\n<h3 class=\"wp-block-heading\">Einzelpreise<\/h3>\n\n\n\n<figure class=\"wp-block-table\"><table><tbody><tr><td>Kinder-Parcours (4-7 Jahre)<\/td><td>18 EUR<\/td><\/tr><tr><td>Kinder (8-11 Jahre)<\/td><td>30 EUR<\/td><\/tr><tr><td>Jugendliche (12-17 Jahre)<\/td><td>32 EUR<\/td><\/tr><tr><td>Erwachsene (ab 18 Jahre)<\/td><td>33 EUR<\/td><\/tr><\/tbody><\/table><\/figure>\n\n\n\n<blockquote class=\"wp-block-quote is-style-large is-layout-flow wp-block-quote-is-layout-flow\">\n<p>Geburtstagskinder erwartet eine kleine \u00dcberraschung. (Bitte einen Ausweis mitbringen)<\/p>\n<\/blockquote>\n\n\n\n<h3 class=\"wp-block-heading\">Eltern &amp; Kind Tarif (ab 3 Personen)<\/h3>\n\n\n\n<figure class=\"wp-block-table\"><table><tbody><tr><td>Kinder-Parcours (5-7 Jahre)<\/td><td>17 EUR<\/td><\/tr><tr><td>Kinder (8-11 Jahre)<\/td><td>29 EUR<\/td><\/tr><tr><td>Jugendliche (12-17 Jahre)<\/td><td>31 EUR<\/td><\/tr><tr><td>Erwachsene (ab 18 Jahre)<\/td><td>32 EUR<\/td><\/tr><\/tbody><\/table><\/figure>\n\n\n\n<h3 class=\"wp-block-heading\">Gruppen Tarif (ab 10 Personen)*<\/h3>\n\n\n\n<figure class=\"wp-block-table\"><table><tbody><tr><td>Kinder-Parcours (5-7 Jahre)<\/td><td>16 EUR<\/td><\/tr><tr><td>Kinder (8-11 Jahre)<\/td><td>28 EUR<\/td><\/tr><tr><td>Jugendliche (12-17 Jahre)<\/td><td>30 EUR<\/td><\/tr><tr><td>Erwachsene (ab 18 Jahre)<\/td><td>31 EUR<\/td><\/tr><\/tbody><\/table><figcaption class=\"wp-element-caption\">*Gruppentarif nur nach Anmeldung mind. einen Tag vorher!<\/figcaption><\/figure>\n\n\n\n<div class=\"wp-block-columns alignwide are-vertically-aligned-center is-layout-flex wp-container-core-columns-is-layout-1 wp-block-columns-is-layout-flex\">\n<div class=\"wp-block-column is-vertically-aligned-center is-layout-flow wp-block-column-is-layout-flow\"><div class=\"wp-block-image\">\n<figure class=\"aligncenter size-full\"><img data-recalc-dims=\"1\" loading=\"lazy\" decoding=\"async\" width=\"600\" height=\"600\" src=\"https:\/\/i0.wp.com\/www.kletterwald-tegernsee.de\/wp-content\/uploads\/2024\/05\/D71_6405.jpg?resize=600%2C600&#038;ssl=1\" alt=\"\" class=\"wp-image-810\" srcset=\"https:\/\/i0.wp.com\/www.kletterwald-tegernsee.de\/wp-content\/uploads\/2024\/05\/D71_6405.jpg?w=600&amp;ssl=1 600w, https:\/\/i0.wp.com\/www.kletterwald-tegernsee.de\/wp-content\/uploads\/2024\/05\/D71_6405.jpg?resize=300%2C300&amp;ssl=1 300w, https:\/\/i0.wp.com\/www.kletterwald-tegernsee.de\/wp-content\/uploads\/2024\/05\/D71_6405.jpg?resize=150%2C150&amp;ssl=1 150w\" sizes=\"auto, (max-width: 600px) 100vw, 600px\" \/><\/figure><\/div><\/div>\n\n\n\n<div class=\"wp-block-column is-vertically-aligned-center is-layout-flow wp-block-column-is-layout-flow\">\n<h2 class=\"wp-block-heading alignfull has-text-align-center\">Schulklassenaktion (ab 10 Personen)*<\/h2>\n\n\n\n<figure class=\"wp-block-table aligncenter\"><table><tbody><tr><td>Kinder I (5-7 Jahre)<\/td><td>15 EUR<\/td><\/tr><tr><td>Kinder II (8-11 Jahre)<\/td><td>27 EUR<\/td><\/tr><tr><td>Jugendlicher (12 \u2013 17 Jahre)<\/td><td>28 EUR<\/td><\/tr><tr><td>Erwachsener (ab 18 Jahren)<\/td><td>30 EUR<\/td><\/tr><\/tbody><\/table><\/figure>\n\n\n\n<p>*Anmeldung mind. 3 Tage vorher erforderlich! Zwei begleitende Lehrer pro Klasse haben freien Eintritt<\/p>\n<\/div>\n<\/div>\n\n\n\n<p class=\"has-text-align-center\"><\/p>\n\n\n\n<hr class=\"wp-block-separator has-css-opacity\"\/>\n\n\n\n<p>Die genannten Preise gelten f\u00fcr 4 Stunden Kletterwald-Nutzung, die Leihgeb\u00fchr f\u00fcr die Ausr\u00fcstung und die Einweisung sind im Preis enthalten. Bei Zeit\u00fcberschreitung muss nachbezahlt werden. Die Eintrittskarten sind nicht \u00fcbertragbar.<\/p>\n\n\n\n<h2 class=\"wp-block-heading has-text-align-center\">Kinder und Jugendliche ben\u00f6tigen eine schriftliche Einverst\u00e4ndniserkl\u00e4rung ihrer Eltern.<\/h2>\n\n\n\n<p class=\"has-text-align-center\">Kann nicht die gesamte Begehungszeit ausgenutzt werden, so besteht kein Anspruch auf R\u00fcckerstattung oder Verl\u00e4ngerung der \u00d6ffnungszeiten. Sollte der Kletterwald aufgrund von Sturm, Gewitter o. \u00e4. vorzeitig geschlossen werden m\u00fcssen, besteht ebenfalls kein Anspruch auf R\u00fcckverg\u00fctung.<\/p>\n","protected":false},"excerpt":{"rendered":"<p>Einzelpreise Kinder-Parcours (4-7 Jahre) 18 EUR Kinder (8-11 Jahre) 30 EUR Jugendliche (12-17 Jahre) 32 EUR Erwachsene (ab 18 Jahre) 33 EUR Geburtstagskinder erwartet eine kleine \u00dcberraschung. (Bitte einen Ausweis mitbringen) Eltern &amp; Kind Tarif (ab 3 Personen) Kinder-Parcours (5-7 Jahre) 17 EUR Kinder (8-11 Jahre) 29 EUR Jugendliche (12-17 [&hellip;]<\/p>\n","protected":false},"author":1,"featured_media":353,"parent":0,"menu_order":0,"comment_status":"closed","ping_status":"closed","template":"page-templates\/template-fullwidth.php","meta":{"footnotes":""},"class_list":["post-366","page","type-page","status-publish","has-post-thumbnail","hentry"],"jetpack_sharing_enabled":true,"_links":{"self":[{"href":"https:\/\/www.kletterwald-tegernsee.de\/index.php?rest_route=\/wp\/v2\/pages\/366","targetHints":{"allow":["GET"]}}],"collection":[{"href":"https:\/\/www.kletterwald-tegernsee.de\/index.php?rest_route=\/wp\/v2\/pages"}],"about":[{"href":"https:\/\/www.kletterwald-tegernsee.de\/index.php?rest_route=\/wp\/v2\/types\/page"}],"author":[{"embeddable":true,"href":"https:\/\/www.kletterwald-tegernsee.de\/index.php?rest_route=\/wp\/v2\/users\/1"}],"replies":[{"embeddable":true,"href":"https:\/\/www.kletterwald-tegernsee.de\/index.php?rest_route=%2Fwp%2Fv2%2Fcomments&post=366"}],"version-history":[{"count":17,"href":"https:\/\/www.kletterwald-tegernsee.de\/index.php?rest_route=\/wp\/v2\/pages\/366\/revisions"}],"predecessor-version":[{"id":849,"href":"https:\/\/www.kletterwald-tegernsee.de\/index.php?rest_route=\/wp\/v2\/pages\/366\/revisions\/849"}],"wp:featuredmedia":[{"embeddable":true,"href":"https:\/\/www.kletterwald-tegernsee.de\/index.php?rest_route=\/wp\/v2\/media\/353"}],"wp:attachment":[{"href":"https:\/\/www.kletterwald-tegernsee.de\/index.php?rest_route=%2Fwp%2Fv2%2Fmedia&parent=366"}],"curies":[{"name":"wp","href":"https:\/\/api.w.org\/{rel}","templated":true}]}}