{"id":653,"date":"2021-06-09T11:32:30","date_gmt":"2021-06-09T09:32:30","guid":{"rendered":"https:\/\/dev.kletterwald-tegernsee.de\/?page_id=653"},"modified":"2021-06-09T11:49:15","modified_gmt":"2021-06-09T09:49:15","slug":"winterprogramm-mit-der-skischule-aktiv","status":"publish","type":"page","link":"https:\/\/www.kletterwald-tegernsee.de\/?page_id=653","title":{"rendered":"Winterprogramm mit der Skischule aktiv"},"content":{"rendered":"\n<h3 class=\"wp-block-heading\"><strong>Im Winter tauschen wir die Klettergurte gegen alles, was im Schnee Spa\u00df macht.<\/strong><\/h3>\n\n\n\n<div class=\"wp-block-columns is-layout-flex wp-container-core-columns-is-layout-1 wp-block-columns-is-layout-flex\">\n<div class=\"wp-block-column is-layout-flow wp-block-column-is-layout-flow\">\n<div id=\"wp-block-themeisle-blocks-slider-01ba017c\" class=\"wp-block-themeisle-blocks-slider glide\" data-per-view=\"1\" data-gap=\"0\" data-peek=\"0\" data-autoplay=\"true\" data-height=\"360px\" data-hide-arrows=\"true\"><div class=\"glide__track\" data-glide-el=\"track\"><div class=\"glide__slides\"><div class=\"wp-block-themeisle-blocks-slider-item-wrapper glide__slide\" tabindex=\"0\"><figure><img data-recalc-dims=\"1\" decoding=\"async\" class=\"wp-block-themeisle-blocks-slider-item\" src=\"https:\/\/i0.wp.com\/dev.kletterwald-tegernsee.de\/wp-content\/uploads\/2021\/06\/Slider01.jpg?w=750&#038;ssl=1\" alt=\"\" title=\"\" data-id=\"666\"\/><\/figure><\/div><div class=\"wp-block-themeisle-blocks-slider-item-wrapper glide__slide\" tabindex=\"0\"><figure><img data-recalc-dims=\"1\" decoding=\"async\" class=\"wp-block-themeisle-blocks-slider-item\" src=\"https:\/\/i0.wp.com\/dev.kletterwald-tegernsee.de\/wp-content\/uploads\/2021\/06\/Slider02.jpg?w=750&#038;ssl=1\" alt=\"\" title=\"\" data-id=\"667\"\/><\/figure><\/div><div class=\"wp-block-themeisle-blocks-slider-item-wrapper glide__slide\" tabindex=\"0\"><figure><img data-recalc-dims=\"1\" decoding=\"async\" class=\"wp-block-themeisle-blocks-slider-item\" src=\"https:\/\/i0.wp.com\/dev.kletterwald-tegernsee.de\/wp-content\/uploads\/2021\/06\/Slider03.jpg?w=750&#038;ssl=1\" alt=\"\" title=\"\" data-id=\"668\"\/><\/figure><\/div><div class=\"wp-block-themeisle-blocks-slider-item-wrapper glide__slide\" tabindex=\"0\"><figure><img data-recalc-dims=\"1\" decoding=\"async\" class=\"wp-block-themeisle-blocks-slider-item\" src=\"https:\/\/i0.wp.com\/dev.kletterwald-tegernsee.de\/wp-content\/uploads\/2021\/06\/Slider04.jpg?w=750&#038;ssl=1\" alt=\"\" title=\"\" data-id=\"669\"\/><\/figure><\/div><div class=\"wp-block-themeisle-blocks-slider-item-wrapper glide__slide\" tabindex=\"0\"><figure><img data-recalc-dims=\"1\" decoding=\"async\" class=\"wp-block-themeisle-blocks-slider-item\" src=\"https:\/\/i0.wp.com\/dev.kletterwald-tegernsee.de\/wp-content\/uploads\/2021\/06\/Slider05.jpg?w=750&#038;ssl=1\" alt=\"\" title=\"\" data-id=\"670\"\/><\/figure><\/div><div class=\"wp-block-themeisle-blocks-slider-item-wrapper glide__slide\" tabindex=\"0\"><figure><img data-recalc-dims=\"1\" decoding=\"async\" class=\"wp-block-themeisle-blocks-slider-item\" src=\"https:\/\/i0.wp.com\/dev.kletterwald-tegernsee.de\/wp-content\/uploads\/2021\/06\/Slider06.jpg?w=750&#038;ssl=1\" alt=\"\" title=\"\" data-id=\"671\"\/><\/figure><\/div><div class=\"wp-block-themeisle-blocks-slider-item-wrapper glide__slide\" tabindex=\"0\"><figure><img data-recalc-dims=\"1\" decoding=\"async\" class=\"wp-block-themeisle-blocks-slider-item\" src=\"https:\/\/i0.wp.com\/dev.kletterwald-tegernsee.de\/wp-content\/uploads\/2021\/06\/Slider07.jpg?w=750&#038;ssl=1\" alt=\"\" title=\"\" data-id=\"672\"\/><\/figure><\/div><div class=\"wp-block-themeisle-blocks-slider-item-wrapper glide__slide\" tabindex=\"0\"><figure><img data-recalc-dims=\"1\" decoding=\"async\" class=\"wp-block-themeisle-blocks-slider-item\" src=\"https:\/\/i0.wp.com\/dev.kletterwald-tegernsee.de\/wp-content\/uploads\/2021\/06\/Slider08.jpg?w=750&#038;ssl=1\" alt=\"\" title=\"\" data-id=\"673\"\/><\/figure><\/div><div class=\"wp-block-themeisle-blocks-slider-item-wrapper glide__slide\" tabindex=\"0\"><figure><img data-recalc-dims=\"1\" decoding=\"async\" class=\"wp-block-themeisle-blocks-slider-item\" src=\"https:\/\/i0.wp.com\/dev.kletterwald-tegernsee.de\/wp-content\/uploads\/2021\/06\/Slider09.jpg?w=750&#038;ssl=1\" alt=\"\" title=\"\" data-id=\"674\"\/><\/figure><\/div><div class=\"wp-block-themeisle-blocks-slider-item-wrapper glide__slide\" tabindex=\"0\"><figure><img data-recalc-dims=\"1\" decoding=\"async\" class=\"wp-block-themeisle-blocks-slider-item\" src=\"https:\/\/i0.wp.com\/dev.kletterwald-tegernsee.de\/wp-content\/uploads\/2021\/06\/Slider10.jpg?w=750&#038;ssl=1\" alt=\"\" title=\"\" data-id=\"675\"\/><\/figure><\/div><\/div><div class=\"glide__bullets\" data-glide-el=\"controls[nav]\"><button class=\"glide__bullet\" data-glide-dir=\"=0\"><\/button><button class=\"glide__bullet\" data-glide-dir=\"=1\"><\/button><button class=\"glide__bullet\" data-glide-dir=\"=2\"><\/button><button class=\"glide__bullet\" data-glide-dir=\"=3\"><\/button><button class=\"glide__bullet\" data-glide-dir=\"=4\"><\/button><button class=\"glide__bullet\" data-glide-dir=\"=5\"><\/button><button class=\"glide__bullet\" data-glide-dir=\"=6\"><\/button><button class=\"glide__bullet\" data-glide-dir=\"=7\"><\/button><button class=\"glide__bullet\" data-glide-dir=\"=8\"><\/button><button class=\"glide__bullet\" data-glide-dir=\"=9\"><\/button><\/div><\/div><\/div>\n<\/div>\n\n\n\n<div class=\"wp-block-column is-layout-flow wp-block-column-is-layout-flow\">\n<p>Unsere Skischule befindet sich direkt am Oedberg-Lift und bietet<\/p>\n\n\n\n<ul class=\"wp-block-list\"><li>Skiskurse, Langlaufkurse, Snowboardkurse f\u00fcr alle Alters- und K\u00f6nnensstufen<\/li><li>Ski-, Snowboard- und Langlaufverleih direkt vor Ort<\/li><li>Sicheres Lerngel\u00e4nde<\/li><li>Fun Park und Snow-Tubing-Anlage<\/li><li>Ideales Trainingsgel\u00e4nde f\u00fcr Racer<\/li><li>14 km Langlauf-Loipe (Skating und Klassisch)<\/li><li>Flutlichtanlage f\u00fcr ein langes Schneevergn\u00fcgen an jedem Tag der Woche von 9 Uhr bis 21 Uhr<\/li><li>Schneesicherheit durch eine leistungsstarke Beschneiungsanlage<\/li><li>Alternativer Standort: Skigebiet Spitzingsee<\/li><\/ul>\n<\/div>\n<\/div>\n\n\n\n<div class=\"wp-block-buttons alignwide is-content-justification-center is-layout-flex wp-block-buttons-is-layout-flex\">\n<div class=\"wp-block-button is-style-fill\"><a class=\"wp-block-button__link has-background\" href=\"http:\/\/www.skischuleaktiv.de\" style=\"background-color:#00b2ff\" target=\"_blank\" rel=\"noreferrer noopener\">Weitere Informationen: www.skischuleaktiv.de<\/a><\/div>\n<\/div>\n","protected":false},"excerpt":{"rendered":"<p>Im Winter tauschen wir die Klettergurte gegen alles, was im Schnee Spa\u00df macht. Unsere Skischule befindet sich direkt am Oedberg-Lift und bietet Skiskurse, Langlaufkurse, Snowboardkurse f\u00fcr alle Alters- und K\u00f6nnensstufen Ski-, Snowboard- und Langlaufverleih direkt vor Ort Sicheres Lerngel\u00e4nde Fun Park und Snow-Tubing-Anlage Ideales Trainingsgel\u00e4nde f\u00fcr Racer 14 km Langlauf-Loipe [&hellip;]<\/p>\n","protected":false},"author":1,"featured_media":659,"parent":0,"menu_order":0,"comment_status":"closed","ping_status":"closed","template":"page-templates\/template-fullwidth.php","meta":{"footnotes":""},"class_list":["post-653","page","type-page","status-publish","has-post-thumbnail","hentry"],"jetpack_sharing_enabled":true,"_links":{"self":[{"href":"https:\/\/www.kletterwald-tegernsee.de\/index.php?rest_route=\/wp\/v2\/pages\/653","targetHints":{"allow":["GET"]}}],"collection":[{"href":"https:\/\/www.kletterwald-tegernsee.de\/index.php?rest_route=\/wp\/v2\/pages"}],"about":[{"href":"https:\/\/www.kletterwald-tegernsee.de\/index.php?rest_route=\/wp\/v2\/types\/page"}],"author":[{"embeddable":true,"href":"https:\/\/www.kletterwald-tegernsee.de\/index.php?rest_route=\/wp\/v2\/users\/1"}],"replies":[{"embeddable":true,"href":"https:\/\/www.kletterwald-tegernsee.de\/index.php?rest_route=%2Fwp%2Fv2%2Fcomments&post=653"}],"version-history":[{"count":8,"href":"https:\/\/www.kletterwald-tegernsee.de\/index.php?rest_route=\/wp\/v2\/pages\/653\/revisions"}],"predecessor-version":[{"id":679,"href":"https:\/\/www.kletterwald-tegernsee.de\/index.php?rest_route=\/wp\/v2\/pages\/653\/revisions\/679"}],"wp:featuredmedia":[{"embeddable":true,"href":"https:\/\/www.kletterwald-tegernsee.de\/index.php?rest_route=\/wp\/v2\/media\/659"}],"wp:attachment":[{"href":"https:\/\/www.kletterwald-tegernsee.de\/index.php?rest_route=%2Fwp%2Fv2%2Fmedia&parent=653"}],"curies":[{"name":"wp","href":"https:\/\/api.w.org\/{rel}","templated":true}]}}