{"id":91,"date":"2020-06-07T16:14:41","date_gmt":"2020-06-07T14:14:41","guid":{"rendered":"http:\/\/dev.kletterwald-tegernsee.de\/?page_id=91"},"modified":"2021-05-21T20:37:25","modified_gmt":"2021-05-21T18:37:25","slug":"der-kletterwald-tegernsee","status":"publish","type":"page","link":"https:\/\/www.kletterwald-tegernsee.de\/?page_id=91","title":{"rendered":"Der Kletterwald Tegernsee"},"content":{"rendered":"\n<div class=\"wp-block-themeisle-blocks-advanced-columns has-2-columns has-desktop-twoOne-layout has-tablet-equal-layout has-mobile-collapsedRows-layout has-default-gap has-vertical-unset\" id=\"wp-block-themeisle-blocks-advanced-columns-6b3c8896\"><div class=\"wp-block-themeisle-blocks-advanced-columns-overlay\"><\/div><div class=\"innerblocks-wrap\">\n<div class=\"wp-block-themeisle-blocks-advanced-column\" id=\"wp-block-themeisle-blocks-advanced-column-40b311ce\">\n<p>Der Kletterwald Tegernsee ist ein Hochseilgarten, der in den bestehenden Bergwald am Oedberg integriert ist. In insgesamt 7 Parcours k\u00f6nnen Teilnehmer ab 4 bzw. 8 Jahren in Begleitung eines Erwachsenen und ab 12 Jahren alleine \u00fcber die unterschiedlichsten Hindernisse und Elemente von Baum zu Baum kraxeln, hangeln, schwingen oder schweben. Dabei sind Geschicklichkeit, Mut und Ausdauer gefragt.<\/p>\n\n\n\n<p>Die Parcours sind in unterschiedlichen Schwierigkeitsgraden angelegt, so dass sich jeder an sein pers\u00f6nliches Limit herantasten kann. Wundersch\u00f6n zwischen Tegernsee und Schliersee gelegen, gleich neben der Oedberg Sommerrodelbahn, sind in unserem Kletterwald Spa\u00df und Spannung f\u00fcr jeden garantiert!<\/p>\n<\/div>\n\n\n\n<div class=\"wp-block-themeisle-blocks-advanced-column\" id=\"wp-block-themeisle-blocks-advanced-column-12e15142\">\n<figure class=\"wp-block-image size-large\"><img data-recalc-dims=\"1\" loading=\"lazy\" decoding=\"async\" width=\"160\" height=\"233\" src=\"https:\/\/i0.wp.com\/dev.kletterwald-tegernsee.de\/wp-content\/uploads\/2021\/03\/karabiner.jpg?resize=160%2C233\" alt=\"\" class=\"wp-image-323\"\/><figcaption>100% Sicherheit durch SBS-Karabiner System von Bornack<\/figcaption><\/figure>\n<\/div>\n<\/div><\/div>\n\n\n\n<p><\/p>\n\n\n\n<p>Nat\u00fcrlich ist der Kletterwald Tegernsee auch f\u00fcr Gruppen-, Vereins-, Firmenausfl\u00fcge geeignet. \u00dcbrigens kann bei nahezu jedem Wetter bei uns geklettert werden. Die B\u00e4ume bieten Schutz bei Hitze und Regen. Nur bei Unwettern wie Gewittern, Sturm oder Hagel muss der Kletterwald tats\u00e4chlich geschlossen werden.<\/p>\n\n\n\n<p class=\"has-text-align-center\"><strong>Der Kletterwald Tegernsee ist T\u00dcV-zertifiziert, Ihre Sicherheit ist unsere Priorit\u00e4t!<\/strong><\/p>\n","protected":false},"excerpt":{"rendered":"<p>Nat\u00fcrlich ist der Kletterwald Tegernsee auch f\u00fcr Gruppen-, Vereins-, Firmenausfl\u00fcge geeignet. \u00dcbrigens kann bei nahezu jedem Wetter bei uns geklettert werden. Die B\u00e4ume bieten Schutz bei Hitze und Regen. Nur bei Unwettern wie Gewittern, Sturm oder Hagel muss der Kletterwald tats\u00e4chlich geschlossen werden. Der Kletterwald Tegernsee ist T\u00dcV-zertifiziert, Ihre Sicherheit [&hellip;]<\/p>\n","protected":false},"author":1,"featured_media":245,"parent":2,"menu_order":0,"comment_status":"closed","ping_status":"closed","template":"page-templates\/template-fullwidth.php","meta":{"footnotes":""},"class_list":["post-91","page","type-page","status-publish","has-post-thumbnail","hentry"],"jetpack_sharing_enabled":true,"_links":{"self":[{"href":"https:\/\/www.kletterwald-tegernsee.de\/index.php?rest_route=\/wp\/v2\/pages\/91","targetHints":{"allow":["GET"]}}],"collection":[{"href":"https:\/\/www.kletterwald-tegernsee.de\/index.php?rest_route=\/wp\/v2\/pages"}],"about":[{"href":"https:\/\/www.kletterwald-tegernsee.de\/index.php?rest_route=\/wp\/v2\/types\/page"}],"author":[{"embeddable":true,"href":"https:\/\/www.kletterwald-tegernsee.de\/index.php?rest_route=\/wp\/v2\/users\/1"}],"replies":[{"embeddable":true,"href":"https:\/\/www.kletterwald-tegernsee.de\/index.php?rest_route=%2Fwp%2Fv2%2Fcomments&post=91"}],"version-history":[{"count":5,"href":"https:\/\/www.kletterwald-tegernsee.de\/index.php?rest_route=\/wp\/v2\/pages\/91\/revisions"}],"predecessor-version":[{"id":531,"href":"https:\/\/www.kletterwald-tegernsee.de\/index.php?rest_route=\/wp\/v2\/pages\/91\/revisions\/531"}],"up":[{"embeddable":true,"href":"https:\/\/www.kletterwald-tegernsee.de\/index.php?rest_route=\/wp\/v2\/pages\/2"}],"wp:featuredmedia":[{"embeddable":true,"href":"https:\/\/www.kletterwald-tegernsee.de\/index.php?rest_route=\/wp\/v2\/media\/245"}],"wp:attachment":[{"href":"https:\/\/www.kletterwald-tegernsee.de\/index.php?rest_route=%2Fwp%2Fv2%2Fmedia&parent=91"}],"curies":[{"name":"wp","href":"https:\/\/api.w.org\/{rel}","templated":true}]}}